{"id":2171,"date":"2019-08-06T09:56:41","date_gmt":"2019-08-06T07:56:41","guid":{"rendered":"https:\/\/healthcareactivos.es\/\/?page_id=2171"},"modified":"2024-10-31T10:51:51","modified_gmt":"2024-10-31T09:51:51","slug":"politica-de-cookies","status":"publish","type":"page","link":"https:\/\/healthcareactivos.com\/es\/politica-de-cookies\/","title":{"rendered":"Pol\u00edtica de cookies"},"content":{"rendered":"\t\t<div data-elementor-type=\"wp-post\" data-elementor-id=\"2171\" class=\"elementor elementor-2171\" data-elementor-post-type=\"page\">\n\t\t\t\t\t\t<section class=\"elementor-section elementor-top-section elementor-element elementor-element-34ffc2b elementor-section-height-min-height elementor-section-boxed elementor-section-height-default elementor-section-items-middle\" data-id=\"34ffc2b\" data-element_type=\"section\" data-e-type=\"section\" data-settings=\"{&quot;background_background&quot;:&quot;classic&quot;}\">\n\t\t\t\t\t\t<div class=\"elementor-container elementor-column-gap-default\">\n\t\t\t\t\t<div class=\"elementor-column elementor-col-100 elementor-top-column elementor-element elementor-element-cf365e6\" data-id=\"cf365e6\" data-element_type=\"column\" data-e-type=\"column\">\n\t\t\t<div class=\"elementor-widget-wrap elementor-element-populated\">\n\t\t\t\t\t\t<div class=\"elementor-element elementor-element-2a0f86a hca-gradient-text elementor-widget elementor-widget-heading\" data-id=\"2a0f86a\" data-element_type=\"widget\" data-e-type=\"widget\" data-widget_type=\"heading.default\">\n\t\t\t\t<div class=\"elementor-widget-container\">\n\t\t\t\t\t<h1 class=\"elementor-heading-title elementor-size-default\">Pol\u00edtica de Cookies<\/h1>\t\t\t\t<\/div>\n\t\t\t\t<\/div>\n\t\t\t\t\t<\/div>\n\t\t<\/div>\n\t\t\t\t\t<\/div>\n\t\t<\/section>\n\t\t\t\t<section class=\"elementor-section elementor-top-section elementor-element elementor-element-ce21b9f elementor-section-boxed elementor-section-height-default elementor-section-height-default\" data-id=\"ce21b9f\" data-element_type=\"section\" data-e-type=\"section\">\n\t\t\t\t\t\t<div class=\"elementor-container elementor-column-gap-default\">\n\t\t\t\t\t<div class=\"elementor-column elementor-col-100 elementor-top-column elementor-element elementor-element-060b0a7\" data-id=\"060b0a7\" data-element_type=\"column\" data-e-type=\"column\">\n\t\t\t<div class=\"elementor-widget-wrap elementor-element-populated\">\n\t\t\t\t\t\t<div class=\"elementor-element elementor-element-6721e8c elementor-widget elementor-widget-heading\" data-id=\"6721e8c\" data-element_type=\"widget\" data-e-type=\"widget\" data-widget_type=\"heading.default\">\n\t\t\t\t<div class=\"elementor-widget-container\">\n\t\t\t\t\t<h3 class=\"elementor-heading-title elementor-size-default\">\u00bfQu\u00e9 es una Cookie?<\/h3>\t\t\t\t<\/div>\n\t\t\t\t<\/div>\n\t\t\t\t<div class=\"elementor-element elementor-element-6650647 elementor-widget elementor-widget-text-editor\" data-id=\"6650647\" data-element_type=\"widget\" data-e-type=\"widget\" data-widget_type=\"text-editor.default\">\n\t\t\t\t<div class=\"elementor-widget-container\">\n\t\t\t\t\t\t\t\t\t<p>Este sitio web utiliza cookies y\/o tecnolog\u00edas similares que almacenan y recuperan informaci\u00f3n cuando navegas. En general, estas tecnolog\u00edas pueden servir para finalidades muy diversas, como, por ejemplo, reconocerte como usuario, obtener informaci\u00f3n sobre tus h\u00e1bitos de navegaci\u00f3n o personalizas la forma en la que se muestra el contenido. Los usos concretos que hacemos de estas tecnolog\u00edas se describen a continuaci\u00f3n.<\/p>\t\t\t\t\t\t\t\t<\/div>\n\t\t\t\t<\/div>\n\t\t\t\t<div class=\"elementor-element elementor-element-8343aee elementor-widget elementor-widget-heading\" data-id=\"8343aee\" data-element_type=\"widget\" data-e-type=\"widget\" data-widget_type=\"heading.default\">\n\t\t\t\t<div class=\"elementor-widget-container\">\n\t\t\t\t\t<h3 class=\"elementor-heading-title elementor-size-default\">\u00bfQui\u00e9n Utiliza la Informaci\u00f3n de las Cookies?<\/h3>\t\t\t\t<\/div>\n\t\t\t\t<\/div>\n\t\t\t\t<div class=\"elementor-element elementor-element-e4c15d4 elementor-widget elementor-widget-text-editor\" data-id=\"e4c15d4\" data-element_type=\"widget\" data-e-type=\"widget\" data-widget_type=\"text-editor.default\">\n\t\t\t\t<div class=\"elementor-widget-container\">\n\t\t\t\t\t\t\t\t\t<p>Los datos almacenados son tratados por la entidad Healthcare Activos Management, S.L. con CIF B66871500 con domicilio social en Calle Serrano, 21,6\u00ba B 28001 Madrid<\/p>\t\t\t\t\t\t\t\t<\/div>\n\t\t\t\t<\/div>\n\t\t\t\t<div class=\"elementor-element elementor-element-ad649d2 elementor-widget elementor-widget-heading\" data-id=\"ad649d2\" data-element_type=\"widget\" data-e-type=\"widget\" data-widget_type=\"heading.default\">\n\t\t\t\t<div class=\"elementor-widget-container\">\n\t\t\t\t\t<h3 class=\"elementor-heading-title elementor-size-default\">\u00bfQu\u00e9 Tipos de Cookies Existen?<\/h3>\t\t\t\t<\/div>\n\t\t\t\t<\/div>\n\t\t\t\t<div class=\"elementor-element elementor-element-5c0ecf9 elementor-widget elementor-widget-text-editor\" data-id=\"5c0ecf9\" data-element_type=\"widget\" data-e-type=\"widget\" data-widget_type=\"text-editor.default\">\n\t\t\t\t<div class=\"elementor-widget-container\">\n\t\t\t\t\t\t\t\t\t<p>Las Cookies pueden clasificarse, en virtud de sus caracter\u00edsticas propias, dentro de diversas categor\u00edas.<\/p><ol><li>Seg\u00fan la entidad que la gestione:<\/li><\/ol><ul><li>Cookies propias: Son aquellas que se env\u00edan a tu ordenador y son gestionadas exclusivamente por nosotros para el mejor funcionamiento del Sitio Web.<\/li><li>Cookies de terceros: Son aquellas que se env\u00edan a tu ordenador y no son gestionadas por nosotros sino por una tercera entidad.<\/li><\/ul><ol start=\"2\"><li>Seg\u00fan el plazo de tiempo que permanecen activadas:<\/li><\/ol><ul><li>Cookies de sesi\u00f3n: Este tipo de cookies recaban y almacenan datos \u00fanicamente mientras el Usuario accede al Sitio Web.<\/li><li>Cookies persistentes: Mediante este tipo de cookies los datos siguen almacenados y pueden ser accedidos y tratados durante el periodo definido por el responsable de la cookie, y puede ir de unos minutos a varios a\u00f1os.<\/li><\/ul><ol start=\"3\"><li>Seg\u00fan la finalidad:<\/li><\/ol><ul><li>Cookies t\u00e9cnicas: Son aquellas que permiten al usuario la navegaci\u00f3n a trav\u00e9s del sitio web, plataforma o aplicaci\u00f3n y la utilizaci\u00f3n de las diferentes opciones o servicios que el mismo ofrece, como por ejemplo, controlar el\u00a0 tr\u00e1fico\u00a0 y\u00a0 la comunicaci\u00f3n\u00a0\u00a0 de\u00a0\u00a0 datos,\u00a0\u00a0 identificar\u00a0\u00a0 la\u00a0\u00a0 sesi\u00f3n,\u00a0\u00a0 acceder\u00a0\u00a0 a\u00a0\u00a0 partes\u00a0\u00a0 de\u00a0\u00a0 acceso restringido, recordar los elementos que integran un pedido,\u00a0 realizar el proceso de compra\u00a0 de\u00a0 un\u00a0 pedido,\u00a0 realizar\u00a0 la\u00a0 solicitud\u00a0 de\u00a0 inscripci\u00f3n\u00a0 o\u00a0 participaci\u00f3n\u00a0 en\u00a0 un evento,\u00a0\u00a0 utilizar\u00a0\u00a0 elementos\u00a0\u00a0 de\u00a0\u00a0 seguridad\u00a0\u00a0 durante\u00a0\u00a0 la\u00a0\u00a0 navegaci\u00f3n,\u00a0\u00a0 almacenar contenidos para la difusi\u00f3n de videos o sonido o compartir contenidos a trav\u00e9s de redes sociales.<\/li><li>Cookies de personalizaci\u00f3n: Son aqu\u00e9llas que permiten al usuario accede al servicio con algunas caracter\u00edsticas de car\u00e1cter general predefinidas, como por ejemplo el idioma, la configuraci\u00f3n regional desde donde accede al servicio, etc.<\/li><li>Cookies de an\u00e1lisis: Son aqu\u00e9llas que permiten al responsable de las mismas, el seguimiento y an\u00e1lisis del comportamiento de los usuarios de los sitios web a los que\u00a0 est\u00e1n\u00a0 \u00a0 La\u00a0 informaci\u00f3n\u00a0 recogida\u00a0 mediante\u00a0 este\u00a0 tipo\u00a0 de\u00a0 cookies\u00a0 se utiliza en la medici\u00f3n de la actividad de los sitios web, aplicaci\u00f3n o plataforma y para\u00a0 la\u00a0 elaboraci\u00f3n\u00a0 de\u00a0 perfiles\u00a0 de\u00a0 navegaci\u00f3n\u00a0 de\u00a0 los\u00a0 usuarios\u00a0 de\u00a0 dichos\u00a0 sitios, aplicaciones y plataformas, con el fin de introducir mejoras en funci\u00f3n del an\u00e1lisis de los datos de uso que hacen los usuarios del servicio.<\/li><li>Cookies publicitarias: Son aqu\u00e9llas que permiten la gesti\u00f3n, de la forma m\u00e1s eficaz posible, de los espacios publicitarios que, en su caso, se haya incluido en el sitio web, aplicaci\u00f3n o plataforma desde la que presta el servicio solicitado en base a los criterios como el contenido editado o la frecuencia en la que se muestran los anuncios.<\/li><\/ul><p>Cookies de publicidad comportamental: Son aquellas que permiten la gesti\u00f3n, de la forma m\u00e1s eficaz posible, de los espacios publicitarios que, en su caso, el editor haya incluido en su p\u00e1gina web, aplicaci\u00f3n o plataforma desde la que presta el servicio solicitado. Estas cookies almacenan informaci\u00f3n del comportamiento de los usuarios obtenida a trav\u00e9s de la observaci\u00f3n continuada de sus h\u00e1bitos de navegaci\u00f3n, lo que permite desarrollar un perfil espec\u00edfico para mostrar publicidad en funci\u00f3n del mismo.<\/p>\t\t\t\t\t\t\t\t<\/div>\n\t\t\t\t<\/div>\n\t\t\t\t<div class=\"elementor-element elementor-element-74ec08d elementor-widget elementor-widget-heading\" data-id=\"74ec08d\" data-element_type=\"widget\" data-e-type=\"widget\" data-widget_type=\"heading.default\">\n\t\t\t\t<div class=\"elementor-widget-container\">\n\t\t\t\t\t<h3 class=\"elementor-heading-title elementor-size-default\">\u00bfQu\u00e9 Tipos de Cookies Utiliza Este Sitio Web?<\/h3>\t\t\t\t<\/div>\n\t\t\t\t<\/div>\n\t\t\t\t<div class=\"elementor-element elementor-element-29731f7 elementor-widget elementor-widget-text-editor\" data-id=\"29731f7\" data-element_type=\"widget\" data-e-type=\"widget\" data-widget_type=\"text-editor.default\">\n\t\t\t\t<div class=\"elementor-widget-container\">\n\t\t\t\t\t\t\t\t\t<p>A continuaci\u00f3n, se especifican las cookies en concreto empleadas en el presente Sitio Web:<\/p>\n<div style=\"overflow-x:auto;\">\n<table width=\"768\">\n<tbody>\n<tr>\n<td width=\"130\"><strong>Nombre<\/strong><\/td>\n<td width=\"154\"><strong>Tipo (t\u00e9cnicas, personalizaci\u00f3n, an\u00e1lisis o publicitarias)<\/strong><\/td>\n<td width=\"95\"><strong>Duraci\u00f3n<\/strong><\/td>\n<td width=\"176\"><strong>Finalidad<\/strong><\/td>\n<td width=\"213\"><strong>Propias\/Terceros <\/strong>\n\n<strong>*Identificaci\u00f3n del tercero (link a la Pol\u00edtica de Cookies del tercero)<\/strong><\/td>\n<\/tr>\n<tr>\n<td width=\"130\"><strong> PHPSESSID<\/strong><\/td>\n<td width=\"154\">T\u00e9cnicas<\/td>\n<td width=\"95\">Hasta que la sesi\u00f3n de navegaci\u00f3n termine<\/td>\n<td width=\"176\">\u00a0Conexi\u00f3n con la web<\/td>\n<td width=\"213\"><strong>\u00a0<\/strong><\/td>\n<\/tr>\n<tr>\n<td width=\"130\"><\/td>\n<td width=\"154\"><\/td>\n<td width=\"95\"><\/td>\n<td width=\"176\"><\/td>\n<td width=\"213\"><\/td>\n<\/tr>\n<tr>\n<td width=\"130\"><\/td>\n<td width=\"154\"><\/td>\n<td width=\"95\"><\/td>\n<td width=\"176\"><\/td>\n<td width=\"213\"><\/td>\n<\/tr>\n<tr>\n<td width=\"130\"><\/td>\n<td width=\"154\"><\/td>\n<td width=\"95\"><\/td>\n<td width=\"176\"><\/td>\n<td width=\"213\"><\/td>\n<\/tr>\n<tr>\n<td width=\"130\"><\/td>\n<td width=\"154\"><\/td>\n<td width=\"95\"><\/td>\n<td width=\"176\"><\/td>\n<td width=\"213\"><\/td>\n<\/tr>\n<tr>\n<td width=\"130\"><\/td>\n<td width=\"154\"><\/td>\n<td width=\"95\"><\/td>\n<td width=\"176\"><\/td>\n<td width=\"213\"><\/td>\n<\/tr>\n<\/tbody>\n<\/table>\n<\/div>\n<p>Esta tabla puede ser actualizada conforme a las cookies empleadas en cada momento. Te aconsejamos que consulte nuestra Pol\u00edtica de Cookies de forma regular.<\/p>\t\t\t\t\t\t\t\t<\/div>\n\t\t\t\t<\/div>\n\t\t\t\t<div class=\"elementor-element elementor-element-2dee618 elementor-widget elementor-widget-heading\" data-id=\"2dee618\" data-element_type=\"widget\" data-e-type=\"widget\" data-widget_type=\"heading.default\">\n\t\t\t\t<div class=\"elementor-widget-container\">\n\t\t\t\t\t<h3 class=\"elementor-heading-title elementor-size-default\">\u00bfC\u00f3mo Deshabilitar y Bloquear las Cookies?<\/h3>\t\t\t\t<\/div>\n\t\t\t\t<\/div>\n\t\t\t\t<div class=\"elementor-element elementor-element-8fb6c10 elementor-widget elementor-widget-text-editor\" data-id=\"8fb6c10\" data-element_type=\"widget\" data-e-type=\"widget\" data-widget_type=\"text-editor.default\">\n\t\t\t\t<div class=\"elementor-widget-container\">\n\t\t\t\t\t\t\t\t\t<p>Te informamos que, en cualquier caso, puedes deshabilitar o bloquear las cookies activando la configuraci\u00f3n de tu navegador, permiti\u00e9ndote rechazar la instalaci\u00f3n de todas o algunas de las cookies. En caso de no permitir la instalaci\u00f3n de cookies es posible que no puedas acceder a algunas de las funcionalidades del presente sitio web, y por tanto, tu experiencia como usuario en el sitio web resulte menos satisfactoria.<\/p><p>Puedes permitir, bloquear o eliminar las cookies instaladas en tu equipo mediante la configuraci\u00f3n de las opciones del navegador instalado en tu ordenador. Para m\u00e1s informaci\u00f3n sobre c\u00f3mo ajustar sus configuraciones de cookies en los siguientes navegadores, te remitimos al enlace pertinente:<\/p><p>Internet Explorer<\/p><ul><li><a href=\"https:\/\/support.microsoft.com\/es-es\/help\/17442\/windows-internet-explorer-delete-manage-cookies\">https:\/\/support.microsoft.com\/es-es\/help\/17442\/windows-internet-explorer-delete-manage-cookies<\/a><\/li><\/ul><p>Firefox<\/p><ul><li><a href=\"https:\/\/support.mozilla.org\/es\/kb\/habilitar-y-deshabilitar-cookies-sitios-web-rastrear-preferencias?redirectlocale=es&amp;redirectslug=habilitar-y-deshabilitar-cookies-que-los-sitios-we\">https:\/\/support.mozilla.org\/es\/kb\/habilitar-y-deshabilitar-cookies-sitios-web-rastrear-preferencias?redirectlocale=es&amp;redirectslug=habilitar-y-deshabilitar-cookies-que-los-sitios-we<\/a><\/li><\/ul><p>Chrome<\/p><ul><li><a href=\"http:\/\/support.google.com\/chrome\/bin\/answer.py?hl=en&amp;answer=95647\">http:\/\/support.google.com\/chrome\/bin\/answer.py?hl=en&amp;answer=95647<\/a><\/li><\/ul><p>Safari<\/p><ul><li><a href=\"https:\/\/support.apple.com\/kb\/PH19214?viewlocale=es_ES&amp;locale=es_ES\">https:\/\/support.apple.com\/kb\/PH19214?viewlocale=es_ES&amp;locale=es_ES<\/a><\/li><\/ul><p>Opera<\/p><ul><li><a href=\"http:\/\/help.opera.com\/Windows\/11.50\/es-ES\/cookies.html\">http:\/\/help.opera.com\/Windows\/11.50\/es-ES\/cookies.html<\/a><\/li><\/ul>\t\t\t\t\t\t\t\t<\/div>\n\t\t\t\t<\/div>\n\t\t\t\t<div class=\"elementor-element elementor-element-24613d4 elementor-widget elementor-widget-heading\" data-id=\"24613d4\" data-element_type=\"widget\" data-e-type=\"widget\" data-widget_type=\"heading.default\">\n\t\t\t\t<div class=\"elementor-widget-container\">\n\t\t\t\t\t<h3 class=\"elementor-heading-title elementor-size-default\">\u00bfQu\u00e9 Derechos Tienes Sobre los Datos Personales Aportados?<\/h3>\t\t\t\t<\/div>\n\t\t\t\t<\/div>\n\t\t\t\t<div class=\"elementor-element elementor-element-865afbd elementor-widget elementor-widget-text-editor\" data-id=\"865afbd\" data-element_type=\"widget\" data-e-type=\"widget\" data-widget_type=\"text-editor.default\">\n\t\t\t\t<div class=\"elementor-widget-container\">\n\t\t\t\t\t\t\t\t\t<ul><li><u>Derecho de acceso<\/u>: Tienes derecho a obtener por parte de la empresa confirmaci\u00f3n de si se est\u00e1n tratando o no tus datos personales que, y en su caso, qu\u00e9 datos trata.<\/li><li><u>Derecho de rectificaci\u00f3n<\/u>: Tienes derecho a obtener por parte de la empresa, la rectificaci\u00f3n de los datos personales inexactos que te conciernen. En la solicitud de rectificaci\u00f3n deber\u00e1s indicar los datos que deseas que se modifiquen.<\/li><li><u>Derecho de oposici\u00f3n<\/u>: Tienes derecho a oponerte en cualquier momento, por motivos relacionados con tu situaci\u00f3n particular, a que datos personales que te conciernan sean objeto de un tratamiento basado en el inter\u00e9s leg\u00edtimo de la empresa. En ese caso, la empresa dejar\u00e1 de tratar los datos personales, salvo que acreditemos motivos leg\u00edtimos imperiosos para el tratamiento que prevalezcan sobre tus intereses, derechos y libertades, o para la formulaci\u00f3n, el ejercicio o la defensa de reclamaciones.<\/li><li><u>Derecho de supresi\u00f3n<\/u>: Tienes derecho a obtener por parte de la empresa, la supresi\u00f3n de los datos personales que te conciernan.<\/li><li><u>Derecho a la portabilidad de los datos<\/u>: Tienes derecho a que la empresa transfiera tus datos personales a otro responsable del tratamiento. Solo es posible ejercer este derecho cuando el tratamiento est\u00e9 basado en la ejecuci\u00f3n de un contrato o en tu consentimiento y el tratamiento se realice por medios automatizados.<\/li><li><u>Derecho a la limitaci\u00f3n del tratamiento<\/u>: Tienes derecho a solicitarnos que suspendamos el tratamiento de tus datos cuando: impugnes la exactitud de los datos, mientras la empresa verifica dicha exactitud; hayas ejercido el derecho de oposici\u00f3n al tratamiento de tus datos, mientras que se verifica si los motivos leg\u00edtimos de la empresa prevalecen sobre los tuyos como interesado.<\/li><li><u>Derecho a no ser objeto de decisiones individuales automatizadas, incluida la elaboraci\u00f3n de perfiles<\/u>: Tienes derecho a no ser objeto de una decisi\u00f3n basada \u00fanicamente en el tratamiento automatizado, incluida la elaboraci\u00f3n de perfiles, que produzca efectos jur\u00eddicos o te afecte significativamente de modo similar.Como usuario, puedes ejercitar los siguientes derechos:<\/li><\/ul><p>En cualquier momento, podr\u00e1s ejercitar estos Derechos, mediante un escrito y acreditando Tu personalidad dirigido a Healthcare Activos Management, S.L. con direcci\u00f3n de correo postal en Calle Serrano, 21, 6\u00baB 28001 Madrid.<\/p><p>Adem\u00e1s, podr\u00e1s presentar una reclamaci\u00f3n ante la autoridad de control, en este caso, la Agencia Espa\u00f1ola de Protecci\u00f3n de Datos, si consideras que el tratamiento de datos personales infringe la legislaci\u00f3n aplicable.<\/p>\t\t\t\t\t\t\t\t<\/div>\n\t\t\t\t<\/div>\n\t\t\t\t\t<\/div>\n\t\t<\/div>\n\t\t\t\t\t<\/div>\n\t\t<\/section>\n\t\t\t\t<\/div>\n\t\t","protected":false},"excerpt":{"rendered":"<p>Pol\u00edtica de Cookies \u00bfQu\u00e9 es una Cookie? Este sitio web utiliza cookies y\/o tecnolog\u00edas similares que almacenan y recuperan informaci\u00f3n cuando navegas. En general, estas tecnolog\u00edas pueden servir para finalidades muy diversas, como, por ejemplo, reconocerte como usuario, obtener informaci\u00f3n sobre tus h\u00e1bitos de navegaci\u00f3n o personalizas la forma en la que se muestra el &#8230; <a title=\"Pol\u00edtica de cookies\" class=\"read-more\" href=\"https:\/\/healthcareactivos.com\/es\/politica-de-cookies\/\" aria-label=\"Leer m\u00e1s sobre Pol\u00edtica de cookies\">Leer m\u00e1s<\/a><\/p>\n","protected":false},"author":9,"featured_media":0,"parent":0,"menu_order":0,"comment_status":"closed","ping_status":"closed","template":"elementor_header_footer","meta":{"_acf_changed":false,"footnotes":""},"class_list":["post-2171","page","type-page","status-publish"],"acf":[],"yoast_head":"<!-- This site is optimized with the Yoast SEO plugin v27.3 - https:\/\/yoast.com\/product\/yoast-seo-wordpress\/ -->\n<title>Pol\u00edtica de cookies - Healthcare Activos<\/title>\n<meta name=\"robots\" content=\"noindex, follow\" \/>\n<meta property=\"og:locale\" content=\"es_ES\" \/>\n<meta property=\"og:type\" content=\"article\" \/>\n<meta property=\"og:title\" content=\"Pol\u00edtica de cookies - Healthcare Activos\" \/>\n<meta property=\"og:description\" content=\"Pol\u00edtica de Cookies \u00bfQu\u00e9 es una Cookie? Este sitio web utiliza cookies y\/o tecnolog\u00edas similares que almacenan y recuperan informaci\u00f3n cuando navegas. En general, estas tecnolog\u00edas pueden servir para finalidades muy diversas, como, por ejemplo, reconocerte como usuario, obtener informaci\u00f3n sobre tus h\u00e1bitos de navegaci\u00f3n o personalizas la forma en la que se muestra el ... Leer m\u00e1s\" \/>\n<meta property=\"og:url\" content=\"https:\/\/healthcareactivos.com\/es\/politica-de-cookies\/\" \/>\n<meta property=\"og:site_name\" content=\"Healthcare Activos\" \/>\n<meta property=\"article:modified_time\" content=\"2024-10-31T09:51:51+00:00\" \/>\n<meta name=\"twitter:card\" content=\"summary_large_image\" \/>\n<meta name=\"twitter:label1\" content=\"Tiempo de lectura\" \/>\n\t<meta name=\"twitter:data1\" content=\"6 minutos\" \/>\n<script type=\"application\/ld+json\" class=\"yoast-schema-graph\">{\"@context\":\"https:\\\/\\\/schema.org\",\"@graph\":[{\"@type\":\"WebPage\",\"@id\":\"https:\\\/\\\/healthcareactivos.com\\\/es\\\/politica-de-cookies\\\/\",\"url\":\"https:\\\/\\\/healthcareactivos.com\\\/es\\\/politica-de-cookies\\\/\",\"name\":\"Pol\u00edtica de cookies - Healthcare Activos\",\"isPartOf\":{\"@id\":\"https:\\\/\\\/healthcareactivos.com\\\/es\\\/#website\"},\"datePublished\":\"2019-08-06T07:56:41+00:00\",\"dateModified\":\"2024-10-31T09:51:51+00:00\",\"breadcrumb\":{\"@id\":\"https:\\\/\\\/healthcareactivos.com\\\/es\\\/politica-de-cookies\\\/#breadcrumb\"},\"inLanguage\":\"es\",\"potentialAction\":[{\"@type\":\"ReadAction\",\"target\":[\"https:\\\/\\\/healthcareactivos.com\\\/es\\\/politica-de-cookies\\\/\"]}]},{\"@type\":\"BreadcrumbList\",\"@id\":\"https:\\\/\\\/healthcareactivos.com\\\/es\\\/politica-de-cookies\\\/#breadcrumb\",\"itemListElement\":[{\"@type\":\"ListItem\",\"position\":1,\"name\":\"Portada\",\"item\":\"https:\\\/\\\/healthcareactivos.com\\\/es\\\/\"},{\"@type\":\"ListItem\",\"position\":2,\"name\":\"Pol\u00edtica de cookies\"}]},{\"@type\":\"WebSite\",\"@id\":\"https:\\\/\\\/healthcareactivos.com\\\/es\\\/#website\",\"url\":\"https:\\\/\\\/healthcareactivos.com\\\/es\\\/\",\"name\":\"Healthcare Activos\",\"description\":\"Inversi\u00f3n a largo plazo en Activos Sanitarios\",\"publisher\":{\"@id\":\"https:\\\/\\\/healthcareactivos.com\\\/es\\\/#organization\"},\"potentialAction\":[{\"@type\":\"SearchAction\",\"target\":{\"@type\":\"EntryPoint\",\"urlTemplate\":\"https:\\\/\\\/healthcareactivos.com\\\/es\\\/?s={search_term_string}\"},\"query-input\":{\"@type\":\"PropertyValueSpecification\",\"valueRequired\":true,\"valueName\":\"search_term_string\"}}],\"inLanguage\":\"es\"},{\"@type\":\"Organization\",\"@id\":\"https:\\\/\\\/healthcareactivos.com\\\/es\\\/#organization\",\"name\":\"Healthcare Activos\",\"url\":\"https:\\\/\\\/healthcareactivos.com\\\/es\\\/\",\"logo\":{\"@type\":\"ImageObject\",\"inLanguage\":\"es\",\"@id\":\"https:\\\/\\\/healthcareactivos.com\\\/es\\\/#\\\/schema\\\/logo\\\/image\\\/\",\"url\":\"https:\\\/\\\/healthcareactivos.com\\\/wp-content\\\/uploads\\\/AF-Logotipo-Healthcare.png\",\"contentUrl\":\"https:\\\/\\\/healthcareactivos.com\\\/wp-content\\\/uploads\\\/AF-Logotipo-Healthcare.png\",\"width\":500,\"height\":200,\"caption\":\"Healthcare Activos\"},\"image\":{\"@id\":\"https:\\\/\\\/healthcareactivos.com\\\/es\\\/#\\\/schema\\\/logo\\\/image\\\/\"}}]}<\/script>\n<!-- \/ Yoast SEO plugin. -->","yoast_head_json":{"title":"Pol\u00edtica de cookies - Healthcare Activos","robots":{"index":"noindex","follow":"follow"},"og_locale":"es_ES","og_type":"article","og_title":"Pol\u00edtica de cookies - Healthcare Activos","og_description":"Pol\u00edtica de Cookies \u00bfQu\u00e9 es una Cookie? Este sitio web utiliza cookies y\/o tecnolog\u00edas similares que almacenan y recuperan informaci\u00f3n cuando navegas. En general, estas tecnolog\u00edas pueden servir para finalidades muy diversas, como, por ejemplo, reconocerte como usuario, obtener informaci\u00f3n sobre tus h\u00e1bitos de navegaci\u00f3n o personalizas la forma en la que se muestra el ... Leer m\u00e1s","og_url":"https:\/\/healthcareactivos.com\/es\/politica-de-cookies\/","og_site_name":"Healthcare Activos","article_modified_time":"2024-10-31T09:51:51+00:00","twitter_card":"summary_large_image","twitter_misc":{"Tiempo de lectura":"6 minutos"},"schema":{"@context":"https:\/\/schema.org","@graph":[{"@type":"WebPage","@id":"https:\/\/healthcareactivos.com\/es\/politica-de-cookies\/","url":"https:\/\/healthcareactivos.com\/es\/politica-de-cookies\/","name":"Pol\u00edtica de cookies - Healthcare Activos","isPartOf":{"@id":"https:\/\/healthcareactivos.com\/es\/#website"},"datePublished":"2019-08-06T07:56:41+00:00","dateModified":"2024-10-31T09:51:51+00:00","breadcrumb":{"@id":"https:\/\/healthcareactivos.com\/es\/politica-de-cookies\/#breadcrumb"},"inLanguage":"es","potentialAction":[{"@type":"ReadAction","target":["https:\/\/healthcareactivos.com\/es\/politica-de-cookies\/"]}]},{"@type":"BreadcrumbList","@id":"https:\/\/healthcareactivos.com\/es\/politica-de-cookies\/#breadcrumb","itemListElement":[{"@type":"ListItem","position":1,"name":"Portada","item":"https:\/\/healthcareactivos.com\/es\/"},{"@type":"ListItem","position":2,"name":"Pol\u00edtica de cookies"}]},{"@type":"WebSite","@id":"https:\/\/healthcareactivos.com\/es\/#website","url":"https:\/\/healthcareactivos.com\/es\/","name":"Healthcare Activos","description":"Inversi\u00f3n a largo plazo en Activos Sanitarios","publisher":{"@id":"https:\/\/healthcareactivos.com\/es\/#organization"},"potentialAction":[{"@type":"SearchAction","target":{"@type":"EntryPoint","urlTemplate":"https:\/\/healthcareactivos.com\/es\/?s={search_term_string}"},"query-input":{"@type":"PropertyValueSpecification","valueRequired":true,"valueName":"search_term_string"}}],"inLanguage":"es"},{"@type":"Organization","@id":"https:\/\/healthcareactivos.com\/es\/#organization","name":"Healthcare Activos","url":"https:\/\/healthcareactivos.com\/es\/","logo":{"@type":"ImageObject","inLanguage":"es","@id":"https:\/\/healthcareactivos.com\/es\/#\/schema\/logo\/image\/","url":"https:\/\/healthcareactivos.com\/wp-content\/uploads\/AF-Logotipo-Healthcare.png","contentUrl":"https:\/\/healthcareactivos.com\/wp-content\/uploads\/AF-Logotipo-Healthcare.png","width":500,"height":200,"caption":"Healthcare Activos"},"image":{"@id":"https:\/\/healthcareactivos.com\/es\/#\/schema\/logo\/image\/"}}]}},"_links":{"self":[{"href":"https:\/\/healthcareactivos.com\/es\/wp-json\/wp\/v2\/pages\/2171","targetHints":{"allow":["GET"]}}],"collection":[{"href":"https:\/\/healthcareactivos.com\/es\/wp-json\/wp\/v2\/pages"}],"about":[{"href":"https:\/\/healthcareactivos.com\/es\/wp-json\/wp\/v2\/types\/page"}],"author":[{"embeddable":true,"href":"https:\/\/healthcareactivos.com\/es\/wp-json\/wp\/v2\/users\/9"}],"replies":[{"embeddable":true,"href":"https:\/\/healthcareactivos.com\/es\/wp-json\/wp\/v2\/comments?post=2171"}],"version-history":[{"count":0,"href":"https:\/\/healthcareactivos.com\/es\/wp-json\/wp\/v2\/pages\/2171\/revisions"}],"wp:attachment":[{"href":"https:\/\/healthcareactivos.com\/es\/wp-json\/wp\/v2\/media?parent=2171"}],"curies":[{"name":"wp","href":"https:\/\/api.w.org\/{rel}","templated":true}]}}