{"id":2061,"date":"2026-02-10T10:31:20","date_gmt":"2026-02-10T09:31:20","guid":{"rendered":"https:\/\/healthcareactivos.com\/legal-disclaimer\/"},"modified":"2026-05-06T11:50:16","modified_gmt":"2026-05-06T09:50:16","slug":"aviso-legal","status":"publish","type":"page","link":"https:\/\/healthcareactivos.com\/es\/aviso-legal\/","title":{"rendered":"Aviso Legal"},"content":{"rendered":"<p>[et_pb_section fb_built=\u00bb1&#8243; fullwidth=\u00bbon\u00bb admin_label=\u00bbHero Section\u00bb _builder_version=\u00bb4.27.4&#8243; background_image=\u00bbhttps:\/\/placehold.co\/1920&#215;1080\/518EAA\/FFFFFF?text=Hero+Image\u00bb background_blend=\u00bboverlay\u00bb custom_padding=\u00bb0px||0px||false|false\u00bb locked=\u00bboff\u00bb global_colors_info=\u00bb{}\u00bb][et_pb_fullwidth_image src=\u00bbhttps:\/\/healthcareactivos.com\/wp-content\/uploads\/2026\/01\/Frame-20.png\u00bb title_text=\u00bbAdobeStock_440541631 1 (4)\u00bb src_tablet=\u00bbhttps:\/\/healthcareactivos.com\/wp-content\/uploads\/2026\/02\/AdobeStock_440541631-1-4.png\u00bb src_phone=\u00bbhttps:\/\/healthcareactivos.com\/wp-content\/uploads\/2026\/02\/AdobeStock_440541631-1-4.png\u00bb src_last_edited=\u00bbon|desktop\u00bb _builder_version=\u00bb4.27.4&#8243; _module_preset=\u00bbdefault\u00bb global_colors_info=\u00bb{}\u00bb][\/et_pb_fullwidth_image][\/et_pb_section][et_pb_section fb_built=\u00bb1&#8243; admin_label=\u00bbHealthcare in Europe\u00bb module_id=\u00bbhealthcare_in_europe\u00bb _builder_version=\u00bb4.27.4&#8243; _module_preset=\u00bbdefault\u00bb global_colors_info=\u00bb{}\u00bb][et_pb_row module_class=\u00bbfila-titulo\u00bb _builder_version=\u00bb4.27.4&#8243; _module_preset=\u00bbdefault\u00bb global_colors_info=\u00bb{}\u00bb][et_pb_column type=\u00bb4_4&#8243; _builder_version=\u00bb4.27.4&#8243; _module_preset=\u00bbdefault\u00bb global_colors_info=\u00bb{}\u00bb][et_pb_text module_class=\u00bbmb-section impact\u00bb _builder_version=\u00bb4.27.4&#8243; global_colors_info=\u00bb{}\u00bb]<\/p>\n<h2 class=\"title-section\">Aviso Legal<\/h2>\n<p>[\/et_pb_text][et_pb_text module_class=\u00bbtext-body\u00bb _builder_version=\u00bb4.27.6&#8243; _module_preset=\u00bbdefault\u00bb hover_enabled=\u00bb0&#8243; global_colors_info=\u00bb{}\u00bb sticky_enabled=\u00bb0&#8243;]<\/p>\n<div class=\"contenido-legal\">\n<h3>Aviso Legal LSSI \u2013 CE<\/h3>\n<p>En cumplimiento de la Ley 34\/2002, de 11 de julio, de Servicios de la Sociedad de la Informaci\u00f3n y de Comercio Electr\u00f3nico (LSSI-CE), la entidad Healthcare Activos Management, S.L. le informa que es titular del sitio web. De acuerdo con la exigencia del art\u00edculo 10 de la citada Ley, informa de los siguientes datos:<\/p>\n<p><strong>El titular de este sitio web es:<\/strong> Healthcare Activos Management, S.L.<\/p>\n<p><strong>NIF:<\/strong> B66871500<\/p>\n<p><strong>Domicilio social: <\/strong>Calle Serrano, 21 6\u00ba B 28001 Madrid<\/p>\n<p><strong>Inscripci\u00f3n Registro Mercantil:<\/strong> Registro Mercantil de Madrid, Tomo 36.701, Folio 22, Hoja M-657.858<\/p>\n<h3>Usuarios<\/h3>\n<p>El acceso y\/o uso de este portal le atribuye la condici\u00f3n de USUARIO, que acepta, desde dicho acceso y\/o uso, las Condiciones Generales de Uso aqu\u00ed reflejadas. Las citadas Condiciones ser\u00e1n de aplicaci\u00f3n independientemente de las Condiciones Generales de Contrataci\u00f3n que en su caso resulten de obligado cumplimiento.<\/p>\n<h3>Uso del Portal<\/h3>\n<p>La p\u00e1gina web proporciona el acceso a multitud de informaciones, servicios, programas o datos (en adelante, \u201clos contenidos\u201d) en Internet pertenecientes a Healthcare Activos Management, S.L. o a sus licenciantes a los que el USUARIO pueda tener acceso. El USUARIO asume la responsabilidad del uso del portal. Dicha responsabilidad se extiende al registro que fuese necesario para acceder a determinados servicios o contenidos.<\/p>\n<p>En dicho registro el USUARIO ser\u00e1 responsable de aportar informaci\u00f3n veraz y l\u00edcita. Como consecuencia de este registro, al USUARIO se le puede proporcionar una contrase\u00f1a de la que ser\u00e1 responsable, comprometi\u00e9ndose a hacer un uso diligente y confidencial de la misma. El USUARIO se compromete a hacer un uso adecuado de los contenidos y servicios que Healthcare Activos Management, S.L. ofrece a trav\u00e9s de su portal y con car\u00e1cter enunciativo pero no limitativo, a no emplearlos para:<\/p>\n<ul>\n<li>Incurrir en actividades il\u00edcitas, ilegales o contrarias a la buena fe y al orden p\u00fablico.<\/li>\n<li>Difundir contenidos o propaganda de car\u00e1cter racista, xen\u00f3fobo, pornogr\u00e1fico-ilegal, de apolog\u00eda del terrorismo o atentatorio contra los derechos humanos.<\/li>\n<li>Provocar da\u00f1os en los sistemas f\u00edsicos y l\u00f3gicos de Healthcare Activos Management, S.L., de sus proveedores o de terceras personas, introducir o difundir en la red virus inform\u00e1ticos o cualesquiera otros sistemas f\u00edsicos o l\u00f3gicos que sean susceptibles de provocar los da\u00f1os anteriormente mencionados.<\/li>\n<li>Intentar acceder y, en su caso, utilizar las cuentas de correo electr\u00f3nico de otros usuarios y modificar manipular sus mensajes.<\/li>\n<\/ul>\n<h3>Propiedad Intelectual e Industrial<\/h3>\n<p>Healthcare Activos Management, S.L. ser\u00e1 titular de todos los derechos de propiedad intelectual e industrial de su p\u00e1gina web, as\u00ed como de los elementos contenidos en la misma (a t\u00edtulo enunciativo, im\u00e1genes, sonido, audio, v\u00eddeo, software o textos; marcas o logotipos, combinaciones de colores, estructura y dise\u00f1o, selecci\u00f3n de materiales usados, programas de ordenador necesarios para su funcionamiento, acceso y uso, etc.).<\/p>\n<p>Todos los derechos reservados. En virtud de lo dispuesto en los art\u00edculos 8 y 32.1, p\u00e1rrafo segundo, de la Ley de Propiedad Intelectual, quedan expresamente prohibidas la reproducci\u00f3n, la distribuci\u00f3n y la comunicaci\u00f3n p\u00fablica, incluida su modalidad de puesta a disposici\u00f3n, de la totalidad o parte de los contenidos de esta p\u00e1gina web, con fines comerciales, en cualquier soporte y por cualquier medio t\u00e9cnico, sin la autorizaci\u00f3n de Healthcare Activos Management, S.L.<\/p>\n<h3>Exclusi\u00f3n de Garant\u00edas y Responsabilidad<\/h3>\n<p>Healthcare Activos Management, S.L. no se hace responsable, en ning\u00fan caso, de los da\u00f1os y perjuicios de cualquier naturaleza que pudieran ocasionar, a t\u00edtulo enunciativo: errores u omisiones en los contenidos, falta de disponibilidad del portal o la transmisi\u00f3n de virus o programas maliciosos o lesivos en los contenidos, a pesar de haber adoptado todas las medidas tecnol\u00f3gicas necesarias para evitarlo.<\/p>\n<h3>Modificaciones<\/h3>\n<p>Healthcare Activos Management, S.L. se reserva el derecho de efectuar sin previo aviso las modificaciones que considere oportunas en su portal, pudiendo cambiar, suprimir o a\u00f1adir tanto los contenidos y servicios que se presten a trav\u00e9s de la misma como la forma en la que \u00e9stos aparezcan presentados o localizados en su portal.<\/p>\n<h3>Enlaces<\/h3>\n<p>En el caso de que en la p\u00e1gina web se dispusiesen enlaces o hiperv\u00ednculos hac\u00eda otros sitios de Internet, Healthcare Activos Management, S.L. no ejercer\u00e1 ning\u00fan tipo de control sobre dichos sitios y contenidos. En ning\u00fan caso Healthcare Activos Management, S.L. asumir\u00e1 responsabilidad alguna por los contenidos de alg\u00fan enlace perteneciente a un sitio web ajeno.<\/p>\n<h3>Derecho de Exclusi\u00f3n<\/h3>\n<p>Healthcare Activos Management, S.L. se reserva el derecho a denegar o retirar el acceso a portal y\/o los servicios ofrecidos sin necesidad de preaviso, a instancia propia o de un tercero, a aquellos usuarios que incumplan las presentes Condiciones Generales de Uso.<\/p>\n<h3>Generalidades<\/h3>\n<p>Healthcare Activos Management, S.L. perseguir\u00e1 el incumplimiento de las presentes condiciones, as\u00ed como cualquier utilizaci\u00f3n indebida de su portal ejerciendo todas las acciones civiles y penales que le puedan corresponder en derecho.<\/p>\n<h3>Legislaci\u00f3n Aplicable y Jurisdicci\u00f3n<\/h3>\n<p>La relaci\u00f3n entre Healthcare Activos Management, S.L. y el USUARIO se regir\u00e1 por la normativa espa\u00f1ola vigente y cualquier controversia se someter\u00e1 a los Juzgados y tribunales de la ciudad anteriormente indicada.<\/p>\n<\/div>\n<p>[\/et_pb_text][\/et_pb_column][\/et_pb_row][\/et_pb_section]<\/p>\n","protected":false},"excerpt":{"rendered":"<p>Aviso Legal Aviso Legal LSSI \u2013 CE En cumplimiento de la Ley 34\/2002, de 11 de julio, de Servicios de la Sociedad de la Informaci\u00f3n y de Comercio Electr\u00f3nico (LSSI-CE), la entidad Healthcare Activos Management, S.L. le informa que es titular del sitio web. De acuerdo con la exigencia del art\u00edculo 10 de la citada [&hellip;]<\/p>\n","protected":false},"author":5,"featured_media":0,"parent":0,"menu_order":0,"comment_status":"closed","ping_status":"closed","template":"","meta":{"_acf_changed":false,"_et_pb_use_builder":"on","_et_pb_old_content":"","_et_gb_content_width":"","footnotes":""},"class_list":["post-2061","page","type-page","status-publish","hentry"],"acf":[],"yoast_head":"<!-- This site is optimized with the Yoast SEO plugin v27.6 - https:\/\/yoast.com\/product\/yoast-seo-wordpress\/ -->\n<title>Aviso Legal - Healthcare Activos<\/title>\n<meta name=\"description\" content=\"Consulta el aviso legal con la informaci\u00f3n sobre titularidad del sitio web, condiciones de uso, responsabilidades y cumplimiento de la normativa vigente\" \/>\n<meta name=\"robots\" content=\"index, follow, max-snippet:-1, max-image-preview:large, max-video-preview:-1\" \/>\n<link rel=\"canonical\" href=\"https:\/\/healthcareactivos.com\/es\/aviso-legal\/\" \/>\n<meta property=\"og:locale\" content=\"es_ES\" \/>\n<meta property=\"og:type\" content=\"article\" \/>\n<meta property=\"og:title\" content=\"Aviso Legal - Healthcare Activos\" \/>\n<meta property=\"og:description\" content=\"Consulta el aviso legal con la informaci\u00f3n sobre titularidad del sitio web, condiciones de uso, responsabilidades y cumplimiento de la normativa vigente\" \/>\n<meta property=\"og:url\" content=\"https:\/\/healthcareactivos.com\/es\/aviso-legal\/\" \/>\n<meta property=\"og:site_name\" content=\"Healthcare Activos\" \/>\n<meta property=\"article:modified_time\" content=\"2026-05-06T09:50:16+00:00\" \/>\n<meta name=\"twitter:card\" content=\"summary_large_image\" \/>\n<meta name=\"twitter:label1\" content=\"Tiempo de lectura\" \/>\n\t<meta name=\"twitter:data1\" content=\"4 minutos\" \/>\n<script type=\"application\/ld+json\" class=\"yoast-schema-graph\">{\"@context\":\"https:\\\/\\\/schema.org\",\"@graph\":[{\"@type\":\"WebPage\",\"@id\":\"https:\\\/\\\/healthcareactivos.com\\\/es\\\/aviso-legal\\\/\",\"url\":\"https:\\\/\\\/healthcareactivos.com\\\/es\\\/aviso-legal\\\/\",\"name\":\"Aviso Legal - Healthcare Activos\",\"isPartOf\":{\"@id\":\"https:\\\/\\\/healthcareactivos.com\\\/es\\\/#website\"},\"datePublished\":\"2026-02-10T09:31:20+00:00\",\"dateModified\":\"2026-05-06T09:50:16+00:00\",\"description\":\"Consulta el aviso legal con la informaci\u00f3n sobre titularidad del sitio web, condiciones de uso, responsabilidades y cumplimiento de la normativa vigente\",\"breadcrumb\":{\"@id\":\"https:\\\/\\\/healthcareactivos.com\\\/es\\\/aviso-legal\\\/#breadcrumb\"},\"inLanguage\":\"es\",\"potentialAction\":[{\"@type\":\"ReadAction\",\"target\":[\"https:\\\/\\\/healthcareactivos.com\\\/es\\\/aviso-legal\\\/\"]}]},{\"@type\":\"BreadcrumbList\",\"@id\":\"https:\\\/\\\/healthcareactivos.com\\\/es\\\/aviso-legal\\\/#breadcrumb\",\"itemListElement\":[{\"@type\":\"ListItem\",\"position\":1,\"name\":\"Home\",\"item\":\"https:\\\/\\\/healthcareactivos.com\\\/es\\\/\"},{\"@type\":\"ListItem\",\"position\":2,\"name\":\"Aviso Legal\"}]},{\"@type\":\"WebSite\",\"@id\":\"https:\\\/\\\/healthcareactivos.com\\\/es\\\/#website\",\"url\":\"https:\\\/\\\/healthcareactivos.com\\\/es\\\/\",\"name\":\"Healthcare Activos\",\"description\":\"\",\"publisher\":{\"@id\":\"https:\\\/\\\/healthcareactivos.com\\\/es\\\/#organization\"},\"potentialAction\":[{\"@type\":\"SearchAction\",\"target\":{\"@type\":\"EntryPoint\",\"urlTemplate\":\"https:\\\/\\\/healthcareactivos.com\\\/es\\\/?s={search_term_string}\"},\"query-input\":{\"@type\":\"PropertyValueSpecification\",\"valueRequired\":true,\"valueName\":\"search_term_string\"}}],\"inLanguage\":\"es\"},{\"@type\":\"Organization\",\"@id\":\"https:\\\/\\\/healthcareactivos.com\\\/es\\\/#organization\",\"name\":\"Healthcare Activos\",\"url\":\"https:\\\/\\\/healthcareactivos.com\\\/es\\\/\",\"logo\":{\"@type\":\"ImageObject\",\"inLanguage\":\"es\",\"@id\":\"https:\\\/\\\/healthcareactivos.com\\\/es\\\/#\\\/schema\\\/logo\\\/image\\\/\",\"url\":\"https:\\\/\\\/healthcareactivos.com\\\/wp-content\\\/uploads\\\/2025\\\/12\\\/LOGO.png\",\"contentUrl\":\"https:\\\/\\\/healthcareactivos.com\\\/wp-content\\\/uploads\\\/2025\\\/12\\\/LOGO.png\",\"width\":147,\"height\":59,\"caption\":\"Healthcare Activos\"},\"image\":{\"@id\":\"https:\\\/\\\/healthcareactivos.com\\\/es\\\/#\\\/schema\\\/logo\\\/image\\\/\"},\"sameAs\":[\"https:\\\/\\\/www.linkedin.com\\\/company\\\/healthcareactivos\\\/\"]}]}<\/script>\n<!-- \/ Yoast SEO plugin. -->","yoast_head_json":{"title":"Aviso Legal - Healthcare Activos","description":"Consulta el aviso legal con la informaci\u00f3n sobre titularidad del sitio web, condiciones de uso, responsabilidades y cumplimiento de la normativa vigente","robots":{"index":"index","follow":"follow","max-snippet":"max-snippet:-1","max-image-preview":"max-image-preview:large","max-video-preview":"max-video-preview:-1"},"canonical":"https:\/\/healthcareactivos.com\/es\/aviso-legal\/","og_locale":"es_ES","og_type":"article","og_title":"Aviso Legal - Healthcare Activos","og_description":"Consulta el aviso legal con la informaci\u00f3n sobre titularidad del sitio web, condiciones de uso, responsabilidades y cumplimiento de la normativa vigente","og_url":"https:\/\/healthcareactivos.com\/es\/aviso-legal\/","og_site_name":"Healthcare Activos","article_modified_time":"2026-05-06T09:50:16+00:00","twitter_card":"summary_large_image","twitter_misc":{"Tiempo de lectura":"4 minutos"},"schema":{"@context":"https:\/\/schema.org","@graph":[{"@type":"WebPage","@id":"https:\/\/healthcareactivos.com\/es\/aviso-legal\/","url":"https:\/\/healthcareactivos.com\/es\/aviso-legal\/","name":"Aviso Legal - Healthcare Activos","isPartOf":{"@id":"https:\/\/healthcareactivos.com\/es\/#website"},"datePublished":"2026-02-10T09:31:20+00:00","dateModified":"2026-05-06T09:50:16+00:00","description":"Consulta el aviso legal con la informaci\u00f3n sobre titularidad del sitio web, condiciones de uso, responsabilidades y cumplimiento de la normativa vigente","breadcrumb":{"@id":"https:\/\/healthcareactivos.com\/es\/aviso-legal\/#breadcrumb"},"inLanguage":"es","potentialAction":[{"@type":"ReadAction","target":["https:\/\/healthcareactivos.com\/es\/aviso-legal\/"]}]},{"@type":"BreadcrumbList","@id":"https:\/\/healthcareactivos.com\/es\/aviso-legal\/#breadcrumb","itemListElement":[{"@type":"ListItem","position":1,"name":"Home","item":"https:\/\/healthcareactivos.com\/es\/"},{"@type":"ListItem","position":2,"name":"Aviso Legal"}]},{"@type":"WebSite","@id":"https:\/\/healthcareactivos.com\/es\/#website","url":"https:\/\/healthcareactivos.com\/es\/","name":"Healthcare Activos","description":"","publisher":{"@id":"https:\/\/healthcareactivos.com\/es\/#organization"},"potentialAction":[{"@type":"SearchAction","target":{"@type":"EntryPoint","urlTemplate":"https:\/\/healthcareactivos.com\/es\/?s={search_term_string}"},"query-input":{"@type":"PropertyValueSpecification","valueRequired":true,"valueName":"search_term_string"}}],"inLanguage":"es"},{"@type":"Organization","@id":"https:\/\/healthcareactivos.com\/es\/#organization","name":"Healthcare Activos","url":"https:\/\/healthcareactivos.com\/es\/","logo":{"@type":"ImageObject","inLanguage":"es","@id":"https:\/\/healthcareactivos.com\/es\/#\/schema\/logo\/image\/","url":"https:\/\/healthcareactivos.com\/wp-content\/uploads\/2025\/12\/LOGO.png","contentUrl":"https:\/\/healthcareactivos.com\/wp-content\/uploads\/2025\/12\/LOGO.png","width":147,"height":59,"caption":"Healthcare Activos"},"image":{"@id":"https:\/\/healthcareactivos.com\/es\/#\/schema\/logo\/image\/"},"sameAs":["https:\/\/www.linkedin.com\/company\/healthcareactivos\/"]}]}},"_links":{"self":[{"href":"https:\/\/healthcareactivos.com\/es\/wp-json\/wp\/v2\/pages\/2061","targetHints":{"allow":["GET"]}}],"collection":[{"href":"https:\/\/healthcareactivos.com\/es\/wp-json\/wp\/v2\/pages"}],"about":[{"href":"https:\/\/healthcareactivos.com\/es\/wp-json\/wp\/v2\/types\/page"}],"author":[{"embeddable":true,"href":"https:\/\/healthcareactivos.com\/es\/wp-json\/wp\/v2\/users\/5"}],"replies":[{"embeddable":true,"href":"https:\/\/healthcareactivos.com\/es\/wp-json\/wp\/v2\/comments?post=2061"}],"version-history":[{"count":6,"href":"https:\/\/healthcareactivos.com\/es\/wp-json\/wp\/v2\/pages\/2061\/revisions"}],"predecessor-version":[{"id":3141,"href":"https:\/\/healthcareactivos.com\/es\/wp-json\/wp\/v2\/pages\/2061\/revisions\/3141"}],"wp:attachment":[{"href":"https:\/\/healthcareactivos.com\/es\/wp-json\/wp\/v2\/media?parent=2061"}],"curies":[{"name":"wp","href":"https:\/\/api.w.org\/{rel}","templated":true}]}}