{"id":2055,"date":"2026-01-20T12:24:56","date_gmt":"2026-01-20T11:24:56","guid":{"rendered":"https:\/\/healthcareactivos.com\/politica-de-cookies\/"},"modified":"2026-05-06T12:27:52","modified_gmt":"2026-05-06T10:27:52","slug":"politica-de-cookies","status":"publish","type":"page","link":"https:\/\/healthcareactivos.com\/es\/politica-de-cookies\/","title":{"rendered":"Pol\u00edtica de Cookies"},"content":{"rendered":"<p>[et_pb_section fb_built=\u00bb1&#8243; fullwidth=\u00bbon\u00bb admin_label=\u00bbHero Section\u00bb _builder_version=\u00bb4.27.4&#8243; background_image=\u00bbhttps:\/\/placehold.co\/1920&#215;1080\/518EAA\/FFFFFF?text=Hero+Image\u00bb background_blend=\u00bboverlay\u00bb custom_padding=\u00bb0px||0px||false|false\u00bb locked=\u00bboff\u00bb global_colors_info=\u00bb{}\u00bb][et_pb_fullwidth_image src=\u00bbhttps:\/\/healthcareactivos.com\/wp-content\/uploads\/2026\/01\/Frame-20.png\u00bb title_text=\u00bbAdobeStock_440541631 1 (4)\u00bb src_tablet=\u00bbhttps:\/\/healthcareactivos.com\/wp-content\/uploads\/2026\/02\/AdobeStock_440541631-1-4.png\u00bb src_phone=\u00bbhttps:\/\/healthcareactivos.com\/wp-content\/uploads\/2026\/02\/AdobeStock_440541631-1-4.png\u00bb src_last_edited=\u00bbon|desktop\u00bb _builder_version=\u00bb4.27.4&#8243; _module_preset=\u00bbdefault\u00bb global_colors_info=\u00bb{}\u00bb][\/et_pb_fullwidth_image][\/et_pb_section][et_pb_section fb_built=\u00bb1&#8243; admin_label=\u00bbHealthcare in Europe\u00bb module_id=\u00bbhealthcare_in_europe\u00bb _builder_version=\u00bb4.27.4&#8243; _module_preset=\u00bbdefault\u00bb global_colors_info=\u00bb{}\u00bb][et_pb_row module_class=\u00bbfila-titulo\u00bb _builder_version=\u00bb4.27.4&#8243; _module_preset=\u00bbdefault\u00bb global_colors_info=\u00bb{}\u00bb][et_pb_column type=\u00bb4_4&#8243; _builder_version=\u00bb4.27.4&#8243; _module_preset=\u00bbdefault\u00bb global_colors_info=\u00bb{}\u00bb][et_pb_text module_class=\u00bbmb-section impact\u00bb _builder_version=\u00bb4.27.4&#8243; global_colors_info=\u00bb{}\u00bb]<\/p>\n<h2 class=\"title-section\">Pol\u00edtica de Cookies<\/h2>\n<p>[\/et_pb_text][et_pb_text module_class=\u00bbtext-body\u00bb _builder_version=\u00bb4.27.6&#8243; _module_preset=\u00bbdefault\u00bb hover_enabled=\u00bb0&#8243; global_colors_info=\u00bb{}\u00bb sticky_enabled=\u00bb0&#8243;]<\/p>\n<h3>\u00bfQu\u00e9 es una Cookie?<\/h3>\n<p>Este sitio web utiliza cookies y\/o tecnolog\u00edas similares que almacenan y recuperan informaci\u00f3n cuando navegas. En general, estas tecnolog\u00edas pueden servir para finalidades muy diversas, como, por ejemplo, reconocerte como usuario, obtener informaci\u00f3n sobre tus h\u00e1bitos de navegaci\u00f3n o personalizas la forma en la que se muestra el contenido. Los usos concretos que hacemos de estas tecnolog\u00edas se describen a continuaci\u00f3n.<\/p>\n<h3>\u00bfQui\u00e9n Utiliza la Informaci\u00f3n de las Cookies?<\/h3>\n<p>Los datos almacenados son tratados por la entidad Healthcare Activos Management, S.L. con CIF B66871500 con domicilio social en Calle Serrano, 21,6\u00ba B 28001 Madrid<\/p>\n<h3>\u00bfQu\u00e9 Tipos de Cookies Existen?<\/h3>\n<p>Las Cookies pueden clasificarse, en virtud de sus caracter\u00edsticas propias, dentro de diversas categor\u00edas.<\/p>\n<ol>\n<li>Seg\u00fan la entidad que la gestione:<\/li>\n<\/ol>\n<ul>\n<li>Cookies propias: Son aquellas que se env\u00edan a tu ordenador y son gestionadas exclusivamente por nosotros.<\/li>\n<li>Cookies de terceros: Son aquellas enviadas y gestionadas por una tercera entidad.<\/li>\n<\/ul>\n<ol start=\"2\">\n<li>Seg\u00fan el plazo de tiempo que permanecen activadas:<\/li>\n<\/ol>\n<ul>\n<li>Cookies de sesi\u00f3n: Almacenan datos \u00fanicamente mientras el Usuario accede al Sitio Web.<\/li>\n<li>Cookies persistentes: Los datos siguen almacenados y pueden ser accedidos durante un periodo definido.<\/li>\n<\/ul>\n<ol start=\"3\">\n<li>Seg\u00fan la finalidad:<\/li>\n<\/ol>\n<ul>\n<li>Cookies t\u00e9cnicas: Permiten la navegaci\u00f3n y el uso de opciones o servicios del sitio.<\/li>\n<li>Cookies de personalizaci\u00f3n: Permiten acceder al servicio con caracter\u00edsticas predefinidas (idioma, etc.).<\/li>\n<li>Cookies de an\u00e1lisis: Permiten el seguimiento y an\u00e1lisis del comportamiento de los usuarios.<\/li>\n<li>Cookies publicitarias: Gestionan los espacios publicitarios incluidos en la web.<\/li>\n<\/ul>\n<p>Cookies de publicidad comportamental: Almacenan informaci\u00f3n del comportamiento de los usuarios para desarrollar un perfil espec\u00edfico y mostrar publicidad.<\/p>\n<h3>\u00bfQu\u00e9 Tipos de Cookies Utiliza Este Sitio Web?<\/h3>\n<p>A continuaci\u00f3n, se especifican las cookies en concreto empleadas en el presente Sitio Web:<\/p>\n<div style=\"overflow-x:auto;\">\n<table>\n<thead>\n<tr>\n<th>Nombre<\/th>\n<th>Tipo<\/th>\n<th>Duraci\u00f3n<\/th>\n<th>Finalidad<\/th>\n<th>Propias\/Terceros<\/th>\n<\/tr>\n<\/thead>\n<tbody>\n<tr>\n<td><strong>PHPSESSID<\/strong><\/td>\n<td>T\u00e9cnicas<\/td>\n<td>Sesi\u00f3n<\/td>\n<td>Conexi\u00f3n con la web<\/td>\n<td>Propia<\/td>\n<\/tr>\n<\/tbody>\n<\/table><\/div>\n<h3>\u00bfC\u00f3mo Deshabilitar y Bloquear las Cookies?<\/h3>\n<p>Puedes deshabilitar o bloquear las cookies activando la configuraci\u00f3n de tu navegador. Aqu\u00ed tienes los enlaces para los principales navegadores:<\/p>\n<ul>\n<li><a href=\"https:\/\/support.google.com\/chrome\/bin\/answer.py?hl=en&#038;answer=95647\">Chrome<\/a><\/li>\n<li><a href=\"https:\/\/support.mozilla.org\/es\/kb\/habilitar-y-deshabilitar-cookies-sitios-web-rastrear-preferencias\">Firefox<\/a><\/li>\n<li><a href=\"https:\/\/support.apple.com\/kb\/PH19214?viewlocale=es_ES&#038;locale=es_ES\">Safari<\/a><\/li>\n<li><a href=\"http:\/\/help.opera.com\/Windows\/11.50\/es-ES\/cookies.html\">Opera<\/a><\/li>\n<\/ul>\n<h3>\u00bfQu\u00e9 Derechos Tienes Sobre los Datos Personales Aportados?<\/h3>\n<ul>\n<li>Derecho de acceso, rectificaci\u00f3n, oposici\u00f3n, supresi\u00f3n, portabilidad y limitaci\u00f3n del tratamiento.<\/li>\n<li>Derecho a no ser objeto de decisiones individuales automatizadas.<\/li>\n<\/ul>\n<p>Puedes ejercitar estos derechos ante Healthcare Activos Management, S.L. en Calle Serrano, 21, 6\u00baB 28001 Madrid.<\/p>\n<p>[\/et_pb_text][\/et_pb_column][\/et_pb_row][\/et_pb_section]<\/p>\n","protected":false},"excerpt":{"rendered":"<p>Pol\u00edtica de Cookies \u00bfQu\u00e9 es una Cookie? Este sitio web utiliza cookies y\/o tecnolog\u00edas similares que almacenan y recuperan informaci\u00f3n cuando navegas. En general, estas tecnolog\u00edas pueden servir para finalidades muy diversas, como, por ejemplo, reconocerte como usuario, obtener informaci\u00f3n sobre tus h\u00e1bitos de navegaci\u00f3n o personalizas la forma en la que se muestra el [&hellip;]<\/p>\n","protected":false},"author":2,"featured_media":0,"parent":0,"menu_order":0,"comment_status":"closed","ping_status":"closed","template":"","meta":{"_acf_changed":false,"_et_pb_use_builder":"on","_et_pb_old_content":"","_et_gb_content_width":"","footnotes":""},"class_list":["post-2055","page","type-page","status-publish","hentry"],"acf":[],"yoast_head":"<!-- This site is optimized with the Yoast SEO plugin v27.6 - https:\/\/yoast.com\/product\/yoast-seo-wordpress\/ -->\n<title>Pol\u00edtica de Cookies - Healthcare Activos<\/title>\n<meta name=\"description\" content=\"Informaci\u00f3n sobre el uso de cookies: tipos de cookies, qui\u00e9n trata la informaci\u00f3n y c\u00f3mo ejercer tus derechos de protecci\u00f3n de datos.\" \/>\n<meta name=\"robots\" content=\"index, follow, max-snippet:-1, max-image-preview:large, max-video-preview:-1\" \/>\n<link rel=\"canonical\" href=\"https:\/\/healthcareactivos.com\/es\/politica-de-cookies\/\" \/>\n<meta property=\"og:locale\" content=\"es_ES\" \/>\n<meta property=\"og:type\" content=\"article\" \/>\n<meta property=\"og:title\" content=\"Pol\u00edtica de Cookies - Healthcare Activos\" \/>\n<meta property=\"og:description\" content=\"Informaci\u00f3n sobre el uso de cookies: tipos de cookies, qui\u00e9n trata la informaci\u00f3n y c\u00f3mo ejercer tus derechos de protecci\u00f3n de datos.\" \/>\n<meta property=\"og:url\" content=\"https:\/\/healthcareactivos.com\/es\/politica-de-cookies\/\" \/>\n<meta property=\"og:site_name\" content=\"Healthcare Activos\" \/>\n<meta property=\"article:modified_time\" content=\"2026-05-06T10:27:52+00:00\" \/>\n<meta name=\"twitter:card\" content=\"summary_large_image\" \/>\n<meta name=\"twitter:label1\" content=\"Tiempo de lectura\" \/>\n\t<meta name=\"twitter:data1\" content=\"2 minutos\" \/>\n<script type=\"application\/ld+json\" class=\"yoast-schema-graph\">{\"@context\":\"https:\\\/\\\/schema.org\",\"@graph\":[{\"@type\":\"WebPage\",\"@id\":\"https:\\\/\\\/healthcareactivos.com\\\/es\\\/politica-de-cookies\\\/\",\"url\":\"https:\\\/\\\/healthcareactivos.com\\\/es\\\/politica-de-cookies\\\/\",\"name\":\"Pol\u00edtica de Cookies - Healthcare Activos\",\"isPartOf\":{\"@id\":\"https:\\\/\\\/healthcareactivos.com\\\/es\\\/#website\"},\"datePublished\":\"2026-01-20T11:24:56+00:00\",\"dateModified\":\"2026-05-06T10:27:52+00:00\",\"description\":\"Informaci\u00f3n sobre el uso de cookies: tipos de cookies, qui\u00e9n trata la informaci\u00f3n y c\u00f3mo ejercer tus derechos de protecci\u00f3n de datos.\",\"breadcrumb\":{\"@id\":\"https:\\\/\\\/healthcareactivos.com\\\/es\\\/politica-de-cookies\\\/#breadcrumb\"},\"inLanguage\":\"es\",\"potentialAction\":[{\"@type\":\"ReadAction\",\"target\":[\"https:\\\/\\\/healthcareactivos.com\\\/es\\\/politica-de-cookies\\\/\"]}]},{\"@type\":\"BreadcrumbList\",\"@id\":\"https:\\\/\\\/healthcareactivos.com\\\/es\\\/politica-de-cookies\\\/#breadcrumb\",\"itemListElement\":[{\"@type\":\"ListItem\",\"position\":1,\"name\":\"Home\",\"item\":\"https:\\\/\\\/healthcareactivos.com\\\/es\\\/\"},{\"@type\":\"ListItem\",\"position\":2,\"name\":\"Pol\u00edtica de Cookies\"}]},{\"@type\":\"WebSite\",\"@id\":\"https:\\\/\\\/healthcareactivos.com\\\/es\\\/#website\",\"url\":\"https:\\\/\\\/healthcareactivos.com\\\/es\\\/\",\"name\":\"Healthcare Activos\",\"description\":\"\",\"publisher\":{\"@id\":\"https:\\\/\\\/healthcareactivos.com\\\/es\\\/#organization\"},\"potentialAction\":[{\"@type\":\"SearchAction\",\"target\":{\"@type\":\"EntryPoint\",\"urlTemplate\":\"https:\\\/\\\/healthcareactivos.com\\\/es\\\/?s={search_term_string}\"},\"query-input\":{\"@type\":\"PropertyValueSpecification\",\"valueRequired\":true,\"valueName\":\"search_term_string\"}}],\"inLanguage\":\"es\"},{\"@type\":\"Organization\",\"@id\":\"https:\\\/\\\/healthcareactivos.com\\\/es\\\/#organization\",\"name\":\"Healthcare Activos\",\"url\":\"https:\\\/\\\/healthcareactivos.com\\\/es\\\/\",\"logo\":{\"@type\":\"ImageObject\",\"inLanguage\":\"es\",\"@id\":\"https:\\\/\\\/healthcareactivos.com\\\/es\\\/#\\\/schema\\\/logo\\\/image\\\/\",\"url\":\"https:\\\/\\\/healthcareactivos.com\\\/wp-content\\\/uploads\\\/2025\\\/12\\\/LOGO.png\",\"contentUrl\":\"https:\\\/\\\/healthcareactivos.com\\\/wp-content\\\/uploads\\\/2025\\\/12\\\/LOGO.png\",\"width\":147,\"height\":59,\"caption\":\"Healthcare Activos\"},\"image\":{\"@id\":\"https:\\\/\\\/healthcareactivos.com\\\/es\\\/#\\\/schema\\\/logo\\\/image\\\/\"},\"sameAs\":[\"https:\\\/\\\/www.linkedin.com\\\/company\\\/healthcareactivos\\\/\"]}]}<\/script>\n<!-- \/ Yoast SEO plugin. -->","yoast_head_json":{"title":"Pol\u00edtica de Cookies - Healthcare Activos","description":"Informaci\u00f3n sobre el uso de cookies: tipos de cookies, qui\u00e9n trata la informaci\u00f3n y c\u00f3mo ejercer tus derechos de protecci\u00f3n de datos.","robots":{"index":"index","follow":"follow","max-snippet":"max-snippet:-1","max-image-preview":"max-image-preview:large","max-video-preview":"max-video-preview:-1"},"canonical":"https:\/\/healthcareactivos.com\/es\/politica-de-cookies\/","og_locale":"es_ES","og_type":"article","og_title":"Pol\u00edtica de Cookies - Healthcare Activos","og_description":"Informaci\u00f3n sobre el uso de cookies: tipos de cookies, qui\u00e9n trata la informaci\u00f3n y c\u00f3mo ejercer tus derechos de protecci\u00f3n de datos.","og_url":"https:\/\/healthcareactivos.com\/es\/politica-de-cookies\/","og_site_name":"Healthcare Activos","article_modified_time":"2026-05-06T10:27:52+00:00","twitter_card":"summary_large_image","twitter_misc":{"Tiempo de lectura":"2 minutos"},"schema":{"@context":"https:\/\/schema.org","@graph":[{"@type":"WebPage","@id":"https:\/\/healthcareactivos.com\/es\/politica-de-cookies\/","url":"https:\/\/healthcareactivos.com\/es\/politica-de-cookies\/","name":"Pol\u00edtica de Cookies - Healthcare Activos","isPartOf":{"@id":"https:\/\/healthcareactivos.com\/es\/#website"},"datePublished":"2026-01-20T11:24:56+00:00","dateModified":"2026-05-06T10:27:52+00:00","description":"Informaci\u00f3n sobre el uso de cookies: tipos de cookies, qui\u00e9n trata la informaci\u00f3n y c\u00f3mo ejercer tus derechos de protecci\u00f3n de datos.","breadcrumb":{"@id":"https:\/\/healthcareactivos.com\/es\/politica-de-cookies\/#breadcrumb"},"inLanguage":"es","potentialAction":[{"@type":"ReadAction","target":["https:\/\/healthcareactivos.com\/es\/politica-de-cookies\/"]}]},{"@type":"BreadcrumbList","@id":"https:\/\/healthcareactivos.com\/es\/politica-de-cookies\/#breadcrumb","itemListElement":[{"@type":"ListItem","position":1,"name":"Home","item":"https:\/\/healthcareactivos.com\/es\/"},{"@type":"ListItem","position":2,"name":"Pol\u00edtica de Cookies"}]},{"@type":"WebSite","@id":"https:\/\/healthcareactivos.com\/es\/#website","url":"https:\/\/healthcareactivos.com\/es\/","name":"Healthcare Activos","description":"","publisher":{"@id":"https:\/\/healthcareactivos.com\/es\/#organization"},"potentialAction":[{"@type":"SearchAction","target":{"@type":"EntryPoint","urlTemplate":"https:\/\/healthcareactivos.com\/es\/?s={search_term_string}"},"query-input":{"@type":"PropertyValueSpecification","valueRequired":true,"valueName":"search_term_string"}}],"inLanguage":"es"},{"@type":"Organization","@id":"https:\/\/healthcareactivos.com\/es\/#organization","name":"Healthcare Activos","url":"https:\/\/healthcareactivos.com\/es\/","logo":{"@type":"ImageObject","inLanguage":"es","@id":"https:\/\/healthcareactivos.com\/es\/#\/schema\/logo\/image\/","url":"https:\/\/healthcareactivos.com\/wp-content\/uploads\/2025\/12\/LOGO.png","contentUrl":"https:\/\/healthcareactivos.com\/wp-content\/uploads\/2025\/12\/LOGO.png","width":147,"height":59,"caption":"Healthcare Activos"},"image":{"@id":"https:\/\/healthcareactivos.com\/es\/#\/schema\/logo\/image\/"},"sameAs":["https:\/\/www.linkedin.com\/company\/healthcareactivos\/"]}]}},"_links":{"self":[{"href":"https:\/\/healthcareactivos.com\/es\/wp-json\/wp\/v2\/pages\/2055","targetHints":{"allow":["GET"]}}],"collection":[{"href":"https:\/\/healthcareactivos.com\/es\/wp-json\/wp\/v2\/pages"}],"about":[{"href":"https:\/\/healthcareactivos.com\/es\/wp-json\/wp\/v2\/types\/page"}],"author":[{"embeddable":true,"href":"https:\/\/healthcareactivos.com\/es\/wp-json\/wp\/v2\/users\/2"}],"replies":[{"embeddable":true,"href":"https:\/\/healthcareactivos.com\/es\/wp-json\/wp\/v2\/comments?post=2055"}],"version-history":[{"count":4,"href":"https:\/\/healthcareactivos.com\/es\/wp-json\/wp\/v2\/pages\/2055\/revisions"}],"predecessor-version":[{"id":3210,"href":"https:\/\/healthcareactivos.com\/es\/wp-json\/wp\/v2\/pages\/2055\/revisions\/3210"}],"wp:attachment":[{"href":"https:\/\/healthcareactivos.com\/es\/wp-json\/wp\/v2\/media?parent=2055"}],"curies":[{"name":"wp","href":"https:\/\/api.w.org\/{rel}","templated":true}]}}