{"id":2037,"date":"2026-01-28T09:15:14","date_gmt":"2026-01-28T08:15:14","guid":{"rendered":"https:\/\/healthcareactivos.com\/contact\/"},"modified":"2026-05-06T11:55:33","modified_gmt":"2026-05-06T09:55:33","slug":"contacto","status":"publish","type":"page","link":"https:\/\/healthcareactivos.com\/es\/contacto\/","title":{"rendered":"Contacto"},"content":{"rendered":"<p>[et_pb_section fb_built=\u00bb1&#8243; fullwidth=\u00bbon\u00bb admin_label=\u00bbHero Section\u00bb _builder_version=\u00bb4.27.4&#8243; background_image=\u00bbhttps:\/\/placehold.co\/1920&#215;1080\/518EAA\/FFFFFF?text=Hero+Image\u00bb background_blend=\u00bboverlay\u00bb custom_padding=\u00bb0px||0px||false|false\u00bb locked=\u00bboff\u00bb global_colors_info=\u00bb{}\u00bb][et_pb_fullwidth_image src=\u00bbhttps:\/\/healthcareactivos.com\/wp-content\/uploads\/2026\/01\/AdobeStock_440541631-1-2.png\u00bb title_text=\u00bbAdobeStock_440541631 1 (10)\u00bb src_tablet=\u00bbhttps:\/\/healthcareactivos.com\/wp-content\/uploads\/2026\/02\/AdobeStock_440541631-1-10.png\u00bb src_phone=\u00bbhttps:\/\/healthcareactivos.com\/wp-content\/uploads\/2026\/02\/AdobeStock_440541631-1-10.png\u00bb src_last_edited=\u00bbon|tablet\u00bb _builder_version=\u00bb4.27.4&#8243; _module_preset=\u00bbdefault\u00bb global_colors_info=\u00bb{}\u00bb][\/et_pb_fullwidth_image][\/et_pb_section][et_pb_section fb_built=\u00bb1&#8243; module_class=\u00bbsection-esg\u00bb _builder_version=\u00bb4.27.4&#8243; _module_preset=\u00bbdefault\u00bb global_colors_info=\u00bb{}\u00bb][et_pb_row _builder_version=\u00bb4.27.4&#8243; _module_preset=\u00bbdefault\u00bb global_colors_info=\u00bb{}\u00bb][et_pb_column type=\u00bb4_4&#8243; _builder_version=\u00bb4.27.4&#8243; _module_preset=\u00bbdefault\u00bb global_colors_info=\u00bb{}\u00bb][et_pb_text admin_label=\u00bbT\u00edtulo\u00bb module_class=\u00bbmb-section text-center\u00bb _builder_version=\u00bb4.27.4&#8243; global_colors_info=\u00bb{}\u00bb]<\/p>\n<h2 class=\"title-section\">Contacto<\/h2>\n<p>[\/et_pb_text][\/et_pb_column][\/et_pb_row][\/et_pb_section][et_pb_section fb_built=\u00bb1&#8243; module_class=\u00bbsection-contact\u00bb _builder_version=\u00bb4.27.4&#8243; _module_preset=\u00bbdefault\u00bb global_colors_info=\u00bb{}\u00bb][et_pb_row column_structure=\u00bb2_5,3_5&#8243; module_class=\u00bbfila-titulo\u00bb _builder_version=\u00bb4.27.4&#8243; _module_preset=\u00bbdefault\u00bb global_colors_info=\u00bb{}\u00bb][et_pb_column type=\u00bb2_5&#8243; _builder_version=\u00bb4.27.4&#8243; _module_preset=\u00bbdefault\u00bb global_colors_info=\u00bb{}\u00bb][et_pb_text admin_label=\u00bbSubt\u00edtulo\u00bb module_class=\u00bbmb-section subtitulo\u00bb _builder_version=\u00bb4.27.4&#8243; global_colors_info=\u00bb{}\u00bb]<\/p>\n<h3>Rellena el formulario para <span>contactarnos.<\/span><\/h3>\n<p>[\/et_pb_text][et_pb_text module_class=\u00bbtext-body\u00bb _builder_version=\u00bb4.27.4&#8243; _module_preset=\u00bbdefault\u00bb global_colors_info=\u00bb{}\u00bb]\u00bfTienes alguna pregunta o te gustar\u00eda colaborar con nosotros? Nos encantar\u00eda saber de ti.<br \/>\nCompleta el formulario o cont\u00e1ctanos a trav\u00e9s de cualquiera de los canales que aparecen a continuaci\u00f3n.[\/et_pb_text][\/et_pb_column][et_pb_column type=\u00bb3_5&#8243; module_class=\u00bbcolumn-contact\u00bb _builder_version=\u00bb4.27.4&#8243; _module_preset=\u00bbdefault\u00bb global_colors_info=\u00bb{}\u00bb][et_pb_code _builder_version=\u00bb4.27.4&#8243; _module_preset=\u00bbdefault\u00bb global_colors_info=\u00bb{}\u00bb]\n<div class=\"wpcf7 no-js\" id=\"wpcf7-f2042-o1\" lang=\"es-ES\" dir=\"ltr\" data-wpcf7-id=\"2042\">\n<div class=\"screen-reader-response\"><p role=\"status\" aria-live=\"polite\" aria-atomic=\"true\"><\/p> <ul><\/ul><\/div>\n<form action=\"\/es\/wp-json\/wp\/v2\/pages\/2037#wpcf7-f2042-o1\" method=\"post\" class=\"wpcf7-form init\" aria-label=\"Formulario de contacto\" novalidate=\"novalidate\" data-status=\"init\">\n<fieldset class=\"hidden-fields-container\"><input type=\"hidden\" name=\"_wpcf7\" value=\"2042\" \/><input type=\"hidden\" name=\"_wpcf7_version\" value=\"6.1.5\" \/><input type=\"hidden\" name=\"_wpcf7_locale\" value=\"es_ES\" \/><input type=\"hidden\" name=\"_wpcf7_unit_tag\" value=\"wpcf7-f2042-o1\" \/><input type=\"hidden\" name=\"_wpcf7_container_post\" value=\"0\" \/><input type=\"hidden\" name=\"_wpcf7_posted_data_hash\" value=\"\" \/><input type=\"hidden\" name=\"_wpcf7_recaptcha_response\" value=\"\" \/>\n<\/fieldset>\n<h3>Env\u00edanos un mensaje\n<\/h3>\n<p><label> Nombre<br \/>\n<span class=\"wpcf7-form-control-wrap\" data-name=\"your-name\"><input size=\"40\" maxlength=\"400\" class=\"wpcf7-form-control wpcf7-text wpcf7-validates-as-required\" aria-required=\"true\" aria-invalid=\"false\" placeholder=\"Nombre\" value=\"\" type=\"text\" name=\"your-name\" \/><\/span> <\/label>\n<\/p>\n<p><label> Email<br \/>\n<span class=\"wpcf7-form-control-wrap\" data-name=\"your-email\"><input size=\"40\" maxlength=\"400\" class=\"wpcf7-form-control wpcf7-email wpcf7-validates-as-required wpcf7-text wpcf7-validates-as-email\" aria-required=\"true\" aria-invalid=\"false\" placeholder=\"nombre@ejemplo.com\" value=\"\" type=\"email\" name=\"your-email\" \/><\/span> <\/label>\n<\/p>\n<p><label> Asunto<br \/>\n<span class=\"wpcf7-form-control-wrap\" data-name=\"your-subject\"><input size=\"40\" maxlength=\"400\" class=\"wpcf7-form-control wpcf7-text wpcf7-validates-as-required\" aria-required=\"true\" aria-invalid=\"false\" placeholder=\"\u00bfC\u00f3mo podemos ayudar?\" value=\"\" type=\"text\" name=\"your-subject\" \/><\/span> <\/label>\n<\/p>\n<p><label> Mensaje<br \/>\n<span class=\"wpcf7-form-control-wrap\" data-name=\"your-message\"><textarea cols=\"40\" rows=\"10\" maxlength=\"2000\" class=\"wpcf7-form-control wpcf7-textarea\" aria-invalid=\"false\" placeholder=\"Cu\u00e9ntenos m\u00e1s sobre su consulta...\" name=\"your-message\"><\/textarea><\/span> <\/label>\n<\/p>\n<p><input class=\"wpcf7-form-control wpcf7-submit has-spinner\" type=\"submit\" value=\"Enviar\" \/>\n<\/p>\n<div class=\"acceptance-group\">\n\t<p><span class=\"wpcf7-form-control-wrap\" data-name=\"acceptance-privacy\"><span class=\"wpcf7-form-control wpcf7-acceptance\"><span class=\"wpcf7-list-item\"><label><input type=\"checkbox\" name=\"acceptance-privacy\" value=\"1\" aria-invalid=\"false\" \/><span class=\"wpcf7-list-item-label\">He le\u00eddo y acepto la <a href=\"\/es\/politica-de-privacidad\/\">Pol\u00edtica de Privacidad<\/a><\/span><\/label><\/span><\/span><\/span>\n\t<\/p>\n\t<p><span class=\"wpcf7-form-control-wrap\" data-name=\"acceptance-commercial\"><span class=\"wpcf7-form-control wpcf7-acceptance\"><span class=\"wpcf7-list-item\"><label><input type=\"checkbox\" name=\"acceptance-commercial\" value=\"1\" aria-invalid=\"false\" \/><span class=\"wpcf7-list-item-label\">Acepto que mis datos personales sean utilizados con fines comerciales por medios electr\u00f3nicos.<\/span><\/label><\/span><\/span><\/span>\n\t<\/p>\n<\/div><div class=\"wpcf7-response-output\" aria-hidden=\"true\"><\/div>\n<\/form>\n<\/div>\n[\/et_pb_code][\/et_pb_column][\/et_pb_row][\/et_pb_section]<\/p>\n","protected":false},"excerpt":{"rendered":"<p>ContactoRellena el formulario para contactarnos.\u00bfTienes alguna pregunta o te gustar\u00eda colaborar con nosotros? Nos encantar\u00eda saber de ti. Completa el formulario o cont\u00e1ctanos a trav\u00e9s de cualquiera de los canales que aparecen a continuaci\u00f3n.\n<div class=\"wpcf7 no-js\" id=\"wpcf7-f2042-o2\" lang=\"es-ES\" dir=\"ltr\" data-wpcf7-id=\"2042\">\n<div class=\"screen-reader-response\"><p role=\"status\" aria-live=\"polite\" aria-atomic=\"true\"><\/p> <ul><\/ul><\/div>\n<form action=\"\/es\/wp-json\/wp\/v2\/pages\/2037#wpcf7-f2042-o2\" method=\"post\" class=\"wpcf7-form init\" aria-label=\"Formulario de contacto\" novalidate=\"novalidate\" data-status=\"init\">\n<fieldset class=\"hidden-fields-container\"><input type=\"hidden\" name=\"_wpcf7\" value=\"2042\" \/><input type=\"hidden\" name=\"_wpcf7_version\" value=\"6.1.5\" \/><input type=\"hidden\" name=\"_wpcf7_locale\" value=\"es_ES\" \/><input type=\"hidden\" name=\"_wpcf7_unit_tag\" value=\"wpcf7-f2042-o2\" \/><input type=\"hidden\" name=\"_wpcf7_container_post\" value=\"0\" \/><input type=\"hidden\" name=\"_wpcf7_posted_data_hash\" value=\"\" \/><input type=\"hidden\" name=\"_wpcf7_recaptcha_response\" value=\"\" \/>\n<\/fieldset>\n<h3>Env\u00edanos un mensaje\n<\/h3>\n<p><label> Nombre<br \/>\n<span class=\"wpcf7-form-control-wrap\" data-name=\"your-name\"><input size=\"40\" maxlength=\"400\" class=\"wpcf7-form-control wpcf7-text wpcf7-validates-as-required\" aria-required=\"true\" aria-invalid=\"false\" placeholder=\"Nombre\" value=\"\" type=\"text\" name=\"your-name\" \/><\/span> <\/label>\n<\/p>\n<p><label> Email<br \/>\n<span class=\"wpcf7-form-control-wrap\" data-name=\"your-email\"><input size=\"40\" maxlength=\"400\" class=\"wpcf7-form-control wpcf7-email wpcf7-validates-as-required wpcf7-text wpcf7-validates-as-email\" aria-required=\"true\" aria-invalid=\"false\" placeholder=\"nombre@ejemplo.com\" value=\"\" type=\"email\" name=\"your-email\" \/><\/span> <\/label>\n<\/p>\n<p><label> Asunto<br \/>\n<span class=\"wpcf7-form-control-wrap\" data-name=\"your-subject\"><input size=\"40\" maxlength=\"400\" class=\"wpcf7-form-control wpcf7-text wpcf7-validates-as-required\" aria-required=\"true\" aria-invalid=\"false\" placeholder=\"\u00bfC\u00f3mo podemos ayudar?\" value=\"\" type=\"text\" name=\"your-subject\" \/><\/span> <\/label>\n<\/p>\n<p><label> Mensaje<br \/>\n<span class=\"wpcf7-form-control-wrap\" data-name=\"your-message\"><textarea cols=\"40\" rows=\"10\" maxlength=\"2000\" class=\"wpcf7-form-control wpcf7-textarea\" aria-invalid=\"false\" placeholder=\"Cu\u00e9ntenos m\u00e1s sobre su consulta...\" name=\"your-message\"><\/textarea><\/span> <\/label>\n<\/p>\n<p><input class=\"wpcf7-form-control wpcf7-submit has-spinner\" type=\"submit\" value=\"Enviar\" \/>\n<\/p>\n<div class=\"acceptance-group\">\n\t<p><span class=\"wpcf7-form-control-wrap\" data-name=\"acceptance-privacy\"><span class=\"wpcf7-form-control wpcf7-acceptance\"><span class=\"wpcf7-list-item\"><label><input type=\"checkbox\" name=\"acceptance-privacy\" value=\"1\" aria-invalid=\"false\" \/><span class=\"wpcf7-list-item-label\">He le\u00eddo y acepto la <a href=\"\/es\/politica-de-privacidad\/\">Pol\u00edtica de Privacidad<\/a><\/span><\/label><\/span><\/span><\/span>\n\t<\/p>\n\t<p><span class=\"wpcf7-form-control-wrap\" data-name=\"acceptance-commercial\"><span class=\"wpcf7-form-control wpcf7-acceptance\"><span class=\"wpcf7-list-item\"><label><input type=\"checkbox\" name=\"acceptance-commercial\" value=\"1\" aria-invalid=\"false\" \/><span class=\"wpcf7-list-item-label\">Acepto que mis datos personales sean utilizados con fines comerciales por medios electr\u00f3nicos.<\/span><\/label><\/span><\/span><\/span>\n\t<\/p>\n<\/div><div class=\"wpcf7-response-output\" aria-hidden=\"true\"><\/div>\n<\/form>\n<\/div>\n<\/p>\n","protected":false},"author":2,"featured_media":0,"parent":0,"menu_order":0,"comment_status":"closed","ping_status":"closed","template":"","meta":{"_acf_changed":false,"_et_pb_use_builder":"on","_et_pb_old_content":"","_et_gb_content_width":"","footnotes":""},"class_list":["post-2037","page","type-page","status-publish","hentry"],"acf":[],"yoast_head":"<!-- This site is optimized with the Yoast SEO plugin v27.6 - https:\/\/yoast.com\/product\/yoast-seo-wordpress\/ -->\n<title>Contacto - Healthcare Activos<\/title>\n<meta name=\"description\" content=\"\u00bfTienes alguna pregunta o te gustar\u00eda colaborar con nosotros? Nos encantar\u00eda saber de ti.\" \/>\n<meta name=\"robots\" content=\"index, follow, max-snippet:-1, max-image-preview:large, max-video-preview:-1\" \/>\n<link rel=\"canonical\" href=\"https:\/\/healthcareactivos.com\/es\/contacto\/\" \/>\n<meta property=\"og:locale\" content=\"es_ES\" \/>\n<meta property=\"og:type\" content=\"article\" \/>\n<meta property=\"og:title\" content=\"Contacto - Healthcare Activos\" \/>\n<meta property=\"og:description\" content=\"\u00bfTienes alguna pregunta o te gustar\u00eda colaborar con nosotros? Nos encantar\u00eda saber de ti.\" \/>\n<meta property=\"og:url\" content=\"https:\/\/healthcareactivos.com\/es\/contacto\/\" \/>\n<meta property=\"og:site_name\" content=\"Healthcare Activos\" \/>\n<meta property=\"article:modified_time\" content=\"2026-05-06T09:55:33+00:00\" \/>\n<meta name=\"twitter:card\" content=\"summary_large_image\" \/>\n<meta name=\"twitter:label1\" content=\"Tiempo de lectura\" \/>\n\t<meta name=\"twitter:data1\" content=\"1 minuto\" \/>\n<script type=\"application\/ld+json\" class=\"yoast-schema-graph\">{\"@context\":\"https:\\\/\\\/schema.org\",\"@graph\":[{\"@type\":\"WebPage\",\"@id\":\"https:\\\/\\\/healthcareactivos.com\\\/es\\\/contacto\\\/\",\"url\":\"https:\\\/\\\/healthcareactivos.com\\\/es\\\/contacto\\\/\",\"name\":\"Contacto - Healthcare Activos\",\"isPartOf\":{\"@id\":\"https:\\\/\\\/healthcareactivos.com\\\/es\\\/#website\"},\"datePublished\":\"2026-01-28T08:15:14+00:00\",\"dateModified\":\"2026-05-06T09:55:33+00:00\",\"description\":\"\u00bfTienes alguna pregunta o te gustar\u00eda colaborar con nosotros? Nos encantar\u00eda saber de ti.\",\"breadcrumb\":{\"@id\":\"https:\\\/\\\/healthcareactivos.com\\\/es\\\/contacto\\\/#breadcrumb\"},\"inLanguage\":\"es\",\"potentialAction\":[{\"@type\":\"ReadAction\",\"target\":[\"https:\\\/\\\/healthcareactivos.com\\\/es\\\/contacto\\\/\"]}]},{\"@type\":\"BreadcrumbList\",\"@id\":\"https:\\\/\\\/healthcareactivos.com\\\/es\\\/contacto\\\/#breadcrumb\",\"itemListElement\":[{\"@type\":\"ListItem\",\"position\":1,\"name\":\"Home\",\"item\":\"https:\\\/\\\/healthcareactivos.com\\\/es\\\/\"},{\"@type\":\"ListItem\",\"position\":2,\"name\":\"Contacto\"}]},{\"@type\":\"WebSite\",\"@id\":\"https:\\\/\\\/healthcareactivos.com\\\/es\\\/#website\",\"url\":\"https:\\\/\\\/healthcareactivos.com\\\/es\\\/\",\"name\":\"Healthcare Activos\",\"description\":\"\",\"publisher\":{\"@id\":\"https:\\\/\\\/healthcareactivos.com\\\/es\\\/#organization\"},\"potentialAction\":[{\"@type\":\"SearchAction\",\"target\":{\"@type\":\"EntryPoint\",\"urlTemplate\":\"https:\\\/\\\/healthcareactivos.com\\\/es\\\/?s={search_term_string}\"},\"query-input\":{\"@type\":\"PropertyValueSpecification\",\"valueRequired\":true,\"valueName\":\"search_term_string\"}}],\"inLanguage\":\"es\"},{\"@type\":\"Organization\",\"@id\":\"https:\\\/\\\/healthcareactivos.com\\\/es\\\/#organization\",\"name\":\"Healthcare Activos\",\"url\":\"https:\\\/\\\/healthcareactivos.com\\\/es\\\/\",\"logo\":{\"@type\":\"ImageObject\",\"inLanguage\":\"es\",\"@id\":\"https:\\\/\\\/healthcareactivos.com\\\/es\\\/#\\\/schema\\\/logo\\\/image\\\/\",\"url\":\"https:\\\/\\\/healthcareactivos.com\\\/wp-content\\\/uploads\\\/2025\\\/12\\\/LOGO.png\",\"contentUrl\":\"https:\\\/\\\/healthcareactivos.com\\\/wp-content\\\/uploads\\\/2025\\\/12\\\/LOGO.png\",\"width\":147,\"height\":59,\"caption\":\"Healthcare Activos\"},\"image\":{\"@id\":\"https:\\\/\\\/healthcareactivos.com\\\/es\\\/#\\\/schema\\\/logo\\\/image\\\/\"},\"sameAs\":[\"https:\\\/\\\/www.linkedin.com\\\/company\\\/healthcareactivos\\\/\"]}]}<\/script>\n<!-- \/ Yoast SEO plugin. -->","yoast_head_json":{"title":"Contacto - Healthcare Activos","description":"\u00bfTienes alguna pregunta o te gustar\u00eda colaborar con nosotros? Nos encantar\u00eda saber de ti.","robots":{"index":"index","follow":"follow","max-snippet":"max-snippet:-1","max-image-preview":"max-image-preview:large","max-video-preview":"max-video-preview:-1"},"canonical":"https:\/\/healthcareactivos.com\/es\/contacto\/","og_locale":"es_ES","og_type":"article","og_title":"Contacto - Healthcare Activos","og_description":"\u00bfTienes alguna pregunta o te gustar\u00eda colaborar con nosotros? Nos encantar\u00eda saber de ti.","og_url":"https:\/\/healthcareactivos.com\/es\/contacto\/","og_site_name":"Healthcare Activos","article_modified_time":"2026-05-06T09:55:33+00:00","twitter_card":"summary_large_image","twitter_misc":{"Tiempo de lectura":"1 minuto"},"schema":{"@context":"https:\/\/schema.org","@graph":[{"@type":"WebPage","@id":"https:\/\/healthcareactivos.com\/es\/contacto\/","url":"https:\/\/healthcareactivos.com\/es\/contacto\/","name":"Contacto - Healthcare Activos","isPartOf":{"@id":"https:\/\/healthcareactivos.com\/es\/#website"},"datePublished":"2026-01-28T08:15:14+00:00","dateModified":"2026-05-06T09:55:33+00:00","description":"\u00bfTienes alguna pregunta o te gustar\u00eda colaborar con nosotros? Nos encantar\u00eda saber de ti.","breadcrumb":{"@id":"https:\/\/healthcareactivos.com\/es\/contacto\/#breadcrumb"},"inLanguage":"es","potentialAction":[{"@type":"ReadAction","target":["https:\/\/healthcareactivos.com\/es\/contacto\/"]}]},{"@type":"BreadcrumbList","@id":"https:\/\/healthcareactivos.com\/es\/contacto\/#breadcrumb","itemListElement":[{"@type":"ListItem","position":1,"name":"Home","item":"https:\/\/healthcareactivos.com\/es\/"},{"@type":"ListItem","position":2,"name":"Contacto"}]},{"@type":"WebSite","@id":"https:\/\/healthcareactivos.com\/es\/#website","url":"https:\/\/healthcareactivos.com\/es\/","name":"Healthcare Activos","description":"","publisher":{"@id":"https:\/\/healthcareactivos.com\/es\/#organization"},"potentialAction":[{"@type":"SearchAction","target":{"@type":"EntryPoint","urlTemplate":"https:\/\/healthcareactivos.com\/es\/?s={search_term_string}"},"query-input":{"@type":"PropertyValueSpecification","valueRequired":true,"valueName":"search_term_string"}}],"inLanguage":"es"},{"@type":"Organization","@id":"https:\/\/healthcareactivos.com\/es\/#organization","name":"Healthcare Activos","url":"https:\/\/healthcareactivos.com\/es\/","logo":{"@type":"ImageObject","inLanguage":"es","@id":"https:\/\/healthcareactivos.com\/es\/#\/schema\/logo\/image\/","url":"https:\/\/healthcareactivos.com\/wp-content\/uploads\/2025\/12\/LOGO.png","contentUrl":"https:\/\/healthcareactivos.com\/wp-content\/uploads\/2025\/12\/LOGO.png","width":147,"height":59,"caption":"Healthcare Activos"},"image":{"@id":"https:\/\/healthcareactivos.com\/es\/#\/schema\/logo\/image\/"},"sameAs":["https:\/\/www.linkedin.com\/company\/healthcareactivos\/"]}]}},"_links":{"self":[{"href":"https:\/\/healthcareactivos.com\/es\/wp-json\/wp\/v2\/pages\/2037","targetHints":{"allow":["GET"]}}],"collection":[{"href":"https:\/\/healthcareactivos.com\/es\/wp-json\/wp\/v2\/pages"}],"about":[{"href":"https:\/\/healthcareactivos.com\/es\/wp-json\/wp\/v2\/types\/page"}],"author":[{"embeddable":true,"href":"https:\/\/healthcareactivos.com\/es\/wp-json\/wp\/v2\/users\/2"}],"replies":[{"embeddable":true,"href":"https:\/\/healthcareactivos.com\/es\/wp-json\/wp\/v2\/comments?post=2037"}],"version-history":[{"count":4,"href":"https:\/\/healthcareactivos.com\/es\/wp-json\/wp\/v2\/pages\/2037\/revisions"}],"predecessor-version":[{"id":2051,"href":"https:\/\/healthcareactivos.com\/es\/wp-json\/wp\/v2\/pages\/2037\/revisions\/2051"}],"wp:attachment":[{"href":"https:\/\/healthcareactivos.com\/es\/wp-json\/wp\/v2\/media?parent=2037"}],"curies":[{"name":"wp","href":"https:\/\/api.w.org\/{rel}","templated":true}]}}