{"id":2023,"date":"2026-01-15T10:02:32","date_gmt":"2026-01-15T09:02:32","guid":{"rendered":"https:\/\/healthcareactivos.com\/news-insights\/"},"modified":"2026-05-06T12:22:02","modified_gmt":"2026-05-06T10:22:02","slug":"news-insights","status":"publish","type":"page","link":"https:\/\/healthcareactivos.com\/es\/news-insights\/","title":{"rendered":"News &#038; insights"},"content":{"rendered":"<p>[et_pb_section fb_built=\u00bb1&#8243; fullwidth=\u00bbon\u00bb admin_label=\u00bbHero Section\u00bb _builder_version=\u00bb4.27.4&#8243; background_image=\u00bbhttps:\/\/placehold.co\/1920&#215;1080\/518EAA\/FFFFFF?text=Hero+Image\u00bb background_blend=\u00bboverlay\u00bb custom_padding=\u00bb0px||0px||false|false\u00bb locked=\u00bboff\u00bb global_colors_info=\u00bb{}\u00bb][et_pb_fullwidth_image src=\u00bbhttps:\/\/healthcareactivos.com\/wp-content\/uploads\/2026\/01\/AdobeStock_440541631-1-1.png\u00bb title_text=\u00bbAdobeStock_440541631 1 (7)\u00bb src_tablet=\u00bbhttps:\/\/healthcareactivos.com\/wp-content\/uploads\/2026\/02\/AdobeStock_440541631-1-7.png\u00bb src_phone=\u00bbhttps:\/\/healthcareactivos.com\/wp-content\/uploads\/2026\/02\/AdobeStock_440541631-1-7.png\u00bb src_last_edited=\u00bbon|tablet\u00bb _builder_version=\u00bb4.27.4&#8243; _module_preset=\u00bbdefault\u00bb global_colors_info=\u00bb{}\u00bb][\/et_pb_fullwidth_image][\/et_pb_section][et_pb_section fb_built=\u00bb1&#8243; module_class=\u00bbsection-esg\u00bb _builder_version=\u00bb4.27.4&#8243; _module_preset=\u00bbdefault\u00bb global_colors_info=\u00bb{}\u00bb][et_pb_row _builder_version=\u00bb4.27.4&#8243; _module_preset=\u00bbdefault\u00bb global_colors_info=\u00bb{}\u00bb][et_pb_column type=\u00bb4_4&#8243; _builder_version=\u00bb4.27.4&#8243; _module_preset=\u00bbdefault\u00bb global_colors_info=\u00bb{}\u00bb][et_pb_text admin_label=\u00bbT\u00edtulo\u00bb module_class=\u00bbmb-section text-center\u00bb _builder_version=\u00bb4.27.4&#8243; global_colors_info=\u00bb{}\u00bb]<\/p>\n<h2 class=\"title-section\">News &#038; insights<\/h2>\n<p>[\/et_pb_text][et_pb_text module_class=\u00bbtext-body\u00bb _builder_version=\u00bb4.27.4&#8243; _module_preset=\u00bbdefault\u00bb locked=\u00bboff\u00bb global_colors_info=\u00bb{}\u00bb]<\/p>\n<p>Art\u00edculos y an\u00e1lisis de nuestros expertos en salud<\/p>\n<p>[\/et_pb_text][\/et_pb_column][\/et_pb_row][et_pb_row _builder_version=\u00bb4.27.4&#8243; _module_preset=\u00bbdefault\u00bb global_colors_info=\u00bb{}\u00bb][et_pb_column type=\u00bb4_4&#8243; _builder_version=\u00bb4.27.4&#8243; _module_preset=\u00bbdefault\u00bb global_colors_info=\u00bb{}\u00bb][et_pb_code _builder_version=\u00bb4.27.4&#8243; _module_preset=\u00bbdefault\u00bb global_colors_info=\u00bb{}\u00bb]<div class=\"news-module-container\" id=\"news-section\">\r\n    <input type=\"hidden\" id=\"news-page-id\" value=\"2023\">\r\n    <nav class=\"news-filters\">\r\n        <button class=\"category-filter-btn active\" data-category=\"all\">Todo<\/button>\r\n                    <button class=\"category-filter-btn\" data-category=\"insights\">Insights<\/button>\r\n                    <button class=\"category-filter-btn\" data-category=\"news\">News<\/button>\r\n            <\/nav>\r\n\r\n    <!--\r\n    <div class=\"textos\">\r\n        <h3><\/h3>\r\n        <div class=\"text-body\"><\/div>\r\n    <\/div>-->\r\n\r\n    <div id=\"news-ajax-container\">\r\n        <div class=\"news-ajax-grid\">\r\n            <article class=\"news_card\">\r\n            <a href=\"https:\/\/healthcareactivos.com\/es\/noticias\/reits-retail-data-centers-y-living-el-capital-inmobiliario-afina-su-apuesta-por-espana\/\">\r\n                <div class=\"news_card__image\">\r\n                                            <img decoding=\"async\" src=\"https:\/\/healthcareactivos.com\/wp-content\/uploads\/2026\/05\/MS.jpg\" alt=\"REITs, retail, data centers y living: el capital inmobiliario afina su apuesta por Espa\u00f1a\">\r\n                                    <\/div>\r\n\r\n                <div class=\"news_card__content\">\r\n                                            <div class=\"news_card__category\">\r\n                                                                <span class=\"tag-outline tag-small\">Insights<\/span>\r\n                                                                <span class=\"tag-outline tag-small\">News<\/span>\r\n                                                    <\/div>\r\n                    \r\n                    <p class=\"news_card__date text-small\">\r\n                        7 May 2026                                                    \u2022 8 min                                            <\/p>\r\n\r\n                    <h3 class=\"title-card\">REITs, retail, data centers y living: el capital inmobiliario afina su apuesta por Espa\u00f1a<\/h3>\r\n\r\n                    <div class=\"text-body\">\r\n                        <p>La segunda jornada del Spain Real Estate Summit 2026 abord\u00f3 la adaptaci\u00f3n del inmobiliario cotizado, la inversi\u00f3n selectiva tambi\u00e9n en log\u00edstica, el avance de los activos operativos y el papel de Madrid en los grandes desarrollos urbanos.<\/p>\n<p>&nbsp;<\/p>\n<p>&nbsp;<\/p>\n                    <\/div>\r\n            <\/a>\r\n        <\/article>\r\n            <article class=\"news_card\">\r\n            <a href=\"https:\/\/healthcareactivos.com\/es\/noticias\/infraestructura_sociosanitaria_sostenible_a_largo_plazo\/\">\r\n                <div class=\"news_card__image\">\r\n                                            <img decoding=\"async\" src=\"https:\/\/healthcareactivos.com\/wp-content\/uploads\/2026\/04\/Foto-AF1-2-600x480-1.jpg\" alt=\"Healthcare Activos: Infraestructura sociosanitaria sostenible a largo plazo\">\r\n                                    <\/div>\r\n\r\n                <div class=\"news_card__content\">\r\n                                            <div class=\"news_card__category\">\r\n                                                                <span class=\"tag-outline tag-small\">Insights<\/span>\r\n                                                                <span class=\"tag-outline tag-small\">News<\/span>\r\n                                                    <\/div>\r\n                    \r\n                    <p class=\"news_card__date text-small\">\r\n                        8 Abr 2026                                                    \u2022 5 min                                            <\/p>\r\n\r\n                    <h3 class=\"title-card\">Healthcare Activos: Infraestructura sociosanitaria sostenible a largo plazo<\/h3>\r\n\r\n                    <div class=\"text-body\">\r\n                        <p>Healthcare Activos es una socimi paneuropea especializada en el sector sanitario, centrada en la inversi\u00f3n en infraestructura sociosanitaria con una visi\u00f3n a largo plazo. Al priorizar la ubicaci\u00f3n, la eficiencia operativa y la sostenibilidad a largo plazo de los operadores frente al rendimiento a corto plazo, la compa\u00f1\u00eda ofrece activos sanitarios flexibles y de alta calidad, concebidos para generar retornos duraderos y garantizar una prestaci\u00f3n asistencial resiliente.<\/p>\n<p>&nbsp;<\/p>\n                    <\/div>\r\n            <\/a>\r\n        <\/article>\r\n            <article class=\"news_card\">\r\n            <a href=\"https:\/\/healthcareactivos.com\/es\/noticias\/healthcare-activos-lider-de-sector-gresb-en-los-global-esg-awards-durante-mipim-2025\/\">\r\n                <div class=\"news_card__image\">\r\n                                            <img decoding=\"async\" src=\"https:\/\/healthcareactivos.com\/wp-content\/uploads\/2026\/04\/1774353840255.jpg\" alt=\"Healthcare Activos, L\u00edder de Sector GRESB en los Global ESG Awards durante MIPIM 2025\">\r\n                                    <\/div>\r\n\r\n                <div class=\"news_card__content\">\r\n                                            <div class=\"news_card__category\">\r\n                                                                <span class=\"tag-outline tag-small\">Insights<\/span>\r\n                                                                <span class=\"tag-outline tag-small\">News<\/span>\r\n                                                    <\/div>\r\n                    \r\n                    <p class=\"news_card__date text-small\">\r\n                        24 Mar 2026                                                    \u2022 1 min                                            <\/p>\r\n\r\n                    <h3 class=\"title-card\">Healthcare Activos, L\u00edder de Sector GRESB en los Global ESG Awards durante MIPIM 2025<\/h3>\r\n\r\n                    <div class=\"text-body\">\r\n                                            <\/div>\r\n            <\/a>\r\n        <\/article>\r\n            <article class=\"news_card\">\r\n            <a href=\"https:\/\/healthcareactivos.com\/es\/noticias\/colaboracion-publico-privada-para-la-creacion-de-nuevas-plazas-residenciales-hay-otra-solucion\/\">\r\n                <div class=\"news_card__image\">\r\n                                            <img decoding=\"async\" src=\"https:\/\/healthcareactivos.com\/wp-content\/uploads\/2026\/04\/jorge_guarner_exterior_edit.jpg\" alt=\"Colaboraci\u00f3n p\u00fablico-privada para la creaci\u00f3n de nuevas plazas residenciales \u00bfHay otra soluci\u00f3n?\">\r\n                                    <\/div>\r\n\r\n                <div class=\"news_card__content\">\r\n                                            <div class=\"news_card__category\">\r\n                                                                <span class=\"tag-outline tag-small\">Insights<\/span>\r\n                                                                <span class=\"tag-outline tag-small\">News<\/span>\r\n                                                    <\/div>\r\n                    \r\n                    <p class=\"news_card__date text-small\">\r\n                        26 Feb 2026                                                    \u2022 7 min                                            <\/p>\r\n\r\n                    <h3 class=\"title-card\">Colaboraci\u00f3n p\u00fablico-privada para la creaci\u00f3n de nuevas plazas residenciales \u00bfHay otra soluci\u00f3n?<\/h3>\r\n\r\n                    <div class=\"text-body\">\r\n                        <p>Un plan consensuado deber\u00eda permitir poner negro sobre blanco las m\u00e1s de 100.000 camas de residencias que se van a necesitar en 2030 en Espa\u00f1a y las m\u00e1s de 350.000 que se puede prever que ser\u00e1n necesarias en el a\u00f1o 2050.<\/p>\n                    <\/div>\r\n            <\/a>\r\n        <\/article>\r\n            <article class=\"news_card\">\r\n            <a href=\"https:\/\/healthcareactivos.com\/es\/noticias\/grupo-5-incorpora-otros-dos-recursos-privados-a-su-red\/\">\r\n                <div class=\"news_card__image\">\r\n                                            <img decoding=\"async\" src=\"https:\/\/healthcareactivos.com\/wp-content\/uploads\/2026\/05\/235090_high_original.avif\" alt=\"Grupo 5 incorpora otros dos recursos privados a su red\">\r\n                                    <\/div>\r\n\r\n                <div class=\"news_card__content\">\r\n                                            <div class=\"news_card__category\">\r\n                                                                <span class=\"tag-outline tag-small\">Insights<\/span>\r\n                                                                <span class=\"tag-outline tag-small\">News<\/span>\r\n                                                    <\/div>\r\n                    \r\n                    <p class=\"news_card__date text-small\">\r\n                        9 Feb 2026                                                    \u2022 6 min                                            <\/p>\r\n\r\n                    <h3 class=\"title-card\">Grupo 5 incorpora otros dos recursos privados a su red<\/h3>\r\n\r\n                    <div class=\"text-body\">\r\n                        <p>El grupo gestor y titular de recursos sociales Grupo 5 Acci\u00f3n y Gesti\u00f3n Social ha puesto en marcha un CIAN (Centro Integral de Atenci\u00f3n Neurorrehabilitadora) en Madrid. La nueva instalaci\u00f3n, cuyo proyecto se anunciaba en noviembre de 2022, ha sido promovida por el grupo inversor Healthcare Activos quien, a finales de 2025, entregaba el inmueble terminado a Grupo 5, firmando un contrato de alquiler a largo<br \/>\nplazo.<\/p>\n                    <\/div>\r\n            <\/a>\r\n        <\/article>\r\n            <article class=\"news_card\">\r\n            <a href=\"https:\/\/healthcareactivos.com\/es\/noticias\/el-papel-de-los-inversores-inmobiliarios-en-la-reconstruccion-de-la-confianza-en-el-sector-de-la-atencion-sanitaria\/\">\r\n                <div class=\"news_card__image\">\r\n                                            <img decoding=\"async\" src=\"https:\/\/healthcareactivos.com\/wp-content\/uploads\/2026\/01\/Vitoria-1-1-scaled.png\" alt=\"El papel de los inversores inmobiliarios en la reconstrucci\u00f3n de la confianza en el sector de la atenci\u00f3n sanitaria\">\r\n                                    <\/div>\r\n\r\n                <div class=\"news_card__content\">\r\n                                            <div class=\"news_card__category\">\r\n                                                                <span class=\"tag-outline tag-small\">News<\/span>\r\n                                                    <\/div>\r\n                    \r\n                    <p class=\"news_card__date text-small\">\r\n                        5 Ene 2026                                                    \u2022 15 min                                            <\/p>\r\n\r\n                    <h3 class=\"title-card\">El papel de los inversores inmobiliarios en la reconstrucci\u00f3n de la confianza en el sector de la atenci\u00f3n sanitaria<\/h3>\r\n\r\n                    <div class=\"text-body\">\r\n                        <p>El riesgo reputacional asusta a los inversores. Por eso, cuando un esc\u00e1ndalo sobre la calidad de la atenci\u00f3n, de una magnitud sin precedentes, sacudi\u00f3 el sector de las residencias de ancianos francesas en 2022, caus\u00f3 conmoci\u00f3n en toda Europa y ahuyent\u00f3 a muchos inversores.<\/p>\n                    <\/div>\r\n            <\/a>\r\n        <\/article>\r\n    <\/div>\r\n\r\n<div class=\"people-pagination\">\r\n    <span aria-current=\"page\" class=\"page-numbers current\">1<\/span>\n<a class=\"page-numbers\" href=\"?paged=2\">2<\/a>\n<a class=\"next page-numbers\" href=\"?paged=2\"><img decoding=\"async\" src=\"https:\/\/healthcareactivos.com\/wp-content\/themes\/healthcare\/images\/next.svg\" alt=\"Siguiente\"><\/a><\/div>    <\/div>\r\n<\/div>[\/et_pb_code][\/et_pb_column][\/et_pb_row][\/et_pb_section]<\/p>\n","protected":false},"excerpt":{"rendered":"<p>[et_pb_section fb_built=\u00bb1&#8243; fullwidth=\u00bbon\u00bb admin_label=\u00bbHero Section\u00bb _builder_version=\u00bb4.27.4&#8243; background_image=\u00bbhttps:\/\/placehold.co\/1920&#215;1080\/518EAA\/FFFFFF?text=Hero+Image\u00bb background_blend=\u00bboverlay\u00bb custom_padding=\u00bb0px||0px||false|false\u00bb locked=\u00bboff\u00bb global_colors_info=\u00bb{}\u00bb][et_pb_fullwidth_image src=\u00bbhttps:\/\/healthcareactivos.com\/wp-content\/uploads\/2026\/01\/AdobeStock_440541631-1-1.png\u00bb title_text=\u00bbAdobeStock_440541631 1 (7)\u00bb src_tablet=\u00bbhttps:\/\/healthcareactivos.com\/wp-content\/uploads\/2026\/02\/AdobeStock_440541631-1-7.png\u00bb src_phone=\u00bbhttps:\/\/healthcareactivos.com\/wp-content\/uploads\/2026\/02\/AdobeStock_440541631-1-7.png\u00bb src_last_edited=\u00bbon|tablet\u00bb _builder_version=\u00bb4.27.4&#8243; _module_preset=\u00bbdefault\u00bb global_colors_info=\u00bb{}\u00bb][\/et_pb_fullwidth_image][\/et_pb_section][et_pb_section fb_built=\u00bb1&#8243; module_class=\u00bbsection-esg\u00bb _builder_version=\u00bb4.27.4&#8243; _module_preset=\u00bbdefault\u00bb global_colors_info=\u00bb{}\u00bb][et_pb_row _builder_version=\u00bb4.27.4&#8243; _module_preset=\u00bbdefault\u00bb global_colors_info=\u00bb{}\u00bb][et_pb_column type=\u00bb4_4&#8243; _builder_version=\u00bb4.27.4&#8243; _module_preset=\u00bbdefault\u00bb global_colors_info=\u00bb{}\u00bb][et_pb_text admin_label=\u00bbT\u00edtulo\u00bb module_class=\u00bbmb-section text-center\u00bb _builder_version=\u00bb4.27.4&#8243; global_colors_info=\u00bb{}\u00bb] News &#038; insights [\/et_pb_text][et_pb_text module_class=\u00bbtext-body\u00bb _builder_version=\u00bb4.27.4&#8243; _module_preset=\u00bbdefault\u00bb locked=\u00bboff\u00bb global_colors_info=\u00bb{}\u00bb] Art\u00edculos y an\u00e1lisis de nuestros expertos en salud [&hellip;]<\/p>\n","protected":false},"author":2,"featured_media":0,"parent":0,"menu_order":0,"comment_status":"closed","ping_status":"closed","template":"","meta":{"_acf_changed":false,"_et_pb_use_builder":"on","_et_pb_old_content":"","_et_gb_content_width":"","footnotes":""},"class_list":["post-2023","page","type-page","status-publish","hentry"],"acf":[],"yoast_head":"<!-- This site is optimized with the Yoast SEO plugin v27.5 - https:\/\/yoast.com\/product\/yoast-seo-wordpress\/ -->\n<title>News &amp; insights - Healthcare Activos<\/title>\n<meta name=\"description\" content=\"Accede a los \u00faltimos an\u00e1lisis y art\u00edculos de nuestros expertos. Exploramos tendencias, inversi\u00f3n e impacto en salud en Europa.\" \/>\n<meta name=\"robots\" content=\"noindex, follow, max-snippet:-1, max-image-preview:large, max-video-preview:-1\" \/>\n<meta property=\"og:locale\" content=\"es_ES\" \/>\n<meta property=\"og:type\" content=\"article\" \/>\n<meta property=\"og:title\" content=\"News &amp; insights - Healthcare Activos\" \/>\n<meta property=\"og:description\" content=\"Accede a los \u00faltimos an\u00e1lisis y art\u00edculos de nuestros expertos. Exploramos tendencias, inversi\u00f3n e impacto en salud en Europa.\" \/>\n<meta property=\"og:url\" content=\"https:\/\/healthcareactivos.com\/es\/news-insights\/\" \/>\n<meta property=\"og:site_name\" content=\"Healthcare Activos\" \/>\n<meta property=\"article:modified_time\" content=\"2026-05-06T10:22:02+00:00\" \/>\n<meta name=\"twitter:card\" content=\"summary_large_image\" \/>\n<meta name=\"twitter:label1\" content=\"Tiempo de lectura\" \/>\n\t<meta name=\"twitter:data1\" content=\"4 minutos\" \/>\n<script type=\"application\/ld+json\" class=\"yoast-schema-graph\">{\"@context\":\"https:\\\/\\\/schema.org\",\"@graph\":[{\"@type\":\"WebPage\",\"@id\":\"https:\\\/\\\/healthcareactivos.com\\\/es\\\/news-insights\\\/\",\"url\":\"https:\\\/\\\/healthcareactivos.com\\\/es\\\/news-insights\\\/\",\"name\":\"News & insights - Healthcare Activos\",\"isPartOf\":{\"@id\":\"https:\\\/\\\/healthcareactivos.com\\\/es\\\/#website\"},\"datePublished\":\"2026-01-15T09:02:32+00:00\",\"dateModified\":\"2026-05-06T10:22:02+00:00\",\"description\":\"Accede a los \u00faltimos an\u00e1lisis y art\u00edculos de nuestros expertos. Exploramos tendencias, inversi\u00f3n e impacto en salud en Europa.\",\"breadcrumb\":{\"@id\":\"https:\\\/\\\/healthcareactivos.com\\\/es\\\/news-insights\\\/#breadcrumb\"},\"inLanguage\":\"es\",\"potentialAction\":[{\"@type\":\"ReadAction\",\"target\":[\"https:\\\/\\\/healthcareactivos.com\\\/es\\\/news-insights\\\/\"]}]},{\"@type\":\"BreadcrumbList\",\"@id\":\"https:\\\/\\\/healthcareactivos.com\\\/es\\\/news-insights\\\/#breadcrumb\",\"itemListElement\":[{\"@type\":\"ListItem\",\"position\":1,\"name\":\"Home\",\"item\":\"https:\\\/\\\/healthcareactivos.com\\\/es\\\/\"},{\"@type\":\"ListItem\",\"position\":2,\"name\":\"News &#038; insights\"}]},{\"@type\":\"WebSite\",\"@id\":\"https:\\\/\\\/healthcareactivos.com\\\/es\\\/#website\",\"url\":\"https:\\\/\\\/healthcareactivos.com\\\/es\\\/\",\"name\":\"Healthcare Activos\",\"description\":\"\",\"publisher\":{\"@id\":\"https:\\\/\\\/healthcareactivos.com\\\/es\\\/#organization\"},\"potentialAction\":[{\"@type\":\"SearchAction\",\"target\":{\"@type\":\"EntryPoint\",\"urlTemplate\":\"https:\\\/\\\/healthcareactivos.com\\\/es\\\/?s={search_term_string}\"},\"query-input\":{\"@type\":\"PropertyValueSpecification\",\"valueRequired\":true,\"valueName\":\"search_term_string\"}}],\"inLanguage\":\"es\"},{\"@type\":\"Organization\",\"@id\":\"https:\\\/\\\/healthcareactivos.com\\\/es\\\/#organization\",\"name\":\"Healthcare Activos\",\"url\":\"https:\\\/\\\/healthcareactivos.com\\\/es\\\/\",\"logo\":{\"@type\":\"ImageObject\",\"inLanguage\":\"es\",\"@id\":\"https:\\\/\\\/healthcareactivos.com\\\/es\\\/#\\\/schema\\\/logo\\\/image\\\/\",\"url\":\"https:\\\/\\\/healthcareactivos.com\\\/wp-content\\\/uploads\\\/2025\\\/12\\\/LOGO.png\",\"contentUrl\":\"https:\\\/\\\/healthcareactivos.com\\\/wp-content\\\/uploads\\\/2025\\\/12\\\/LOGO.png\",\"width\":147,\"height\":59,\"caption\":\"Healthcare Activos\"},\"image\":{\"@id\":\"https:\\\/\\\/healthcareactivos.com\\\/es\\\/#\\\/schema\\\/logo\\\/image\\\/\"},\"sameAs\":[\"https:\\\/\\\/www.linkedin.com\\\/company\\\/healthcareactivos\\\/\"]}]}<\/script>\n<!-- \/ Yoast SEO plugin. -->","yoast_head_json":{"title":"News & insights - Healthcare Activos","description":"Accede a los \u00faltimos an\u00e1lisis y art\u00edculos de nuestros expertos. Exploramos tendencias, inversi\u00f3n e impacto en salud en Europa.","robots":{"index":"noindex","follow":"follow","max-snippet":"max-snippet:-1","max-image-preview":"max-image-preview:large","max-video-preview":"max-video-preview:-1"},"og_locale":"es_ES","og_type":"article","og_title":"News & insights - Healthcare Activos","og_description":"Accede a los \u00faltimos an\u00e1lisis y art\u00edculos de nuestros expertos. Exploramos tendencias, inversi\u00f3n e impacto en salud en Europa.","og_url":"https:\/\/healthcareactivos.com\/es\/news-insights\/","og_site_name":"Healthcare Activos","article_modified_time":"2026-05-06T10:22:02+00:00","twitter_card":"summary_large_image","twitter_misc":{"Tiempo de lectura":"4 minutos"},"schema":{"@context":"https:\/\/schema.org","@graph":[{"@type":"WebPage","@id":"https:\/\/healthcareactivos.com\/es\/news-insights\/","url":"https:\/\/healthcareactivos.com\/es\/news-insights\/","name":"News & insights - Healthcare Activos","isPartOf":{"@id":"https:\/\/healthcareactivos.com\/es\/#website"},"datePublished":"2026-01-15T09:02:32+00:00","dateModified":"2026-05-06T10:22:02+00:00","description":"Accede a los \u00faltimos an\u00e1lisis y art\u00edculos de nuestros expertos. Exploramos tendencias, inversi\u00f3n e impacto en salud en Europa.","breadcrumb":{"@id":"https:\/\/healthcareactivos.com\/es\/news-insights\/#breadcrumb"},"inLanguage":"es","potentialAction":[{"@type":"ReadAction","target":["https:\/\/healthcareactivos.com\/es\/news-insights\/"]}]},{"@type":"BreadcrumbList","@id":"https:\/\/healthcareactivos.com\/es\/news-insights\/#breadcrumb","itemListElement":[{"@type":"ListItem","position":1,"name":"Home","item":"https:\/\/healthcareactivos.com\/es\/"},{"@type":"ListItem","position":2,"name":"News &#038; insights"}]},{"@type":"WebSite","@id":"https:\/\/healthcareactivos.com\/es\/#website","url":"https:\/\/healthcareactivos.com\/es\/","name":"Healthcare Activos","description":"","publisher":{"@id":"https:\/\/healthcareactivos.com\/es\/#organization"},"potentialAction":[{"@type":"SearchAction","target":{"@type":"EntryPoint","urlTemplate":"https:\/\/healthcareactivos.com\/es\/?s={search_term_string}"},"query-input":{"@type":"PropertyValueSpecification","valueRequired":true,"valueName":"search_term_string"}}],"inLanguage":"es"},{"@type":"Organization","@id":"https:\/\/healthcareactivos.com\/es\/#organization","name":"Healthcare Activos","url":"https:\/\/healthcareactivos.com\/es\/","logo":{"@type":"ImageObject","inLanguage":"es","@id":"https:\/\/healthcareactivos.com\/es\/#\/schema\/logo\/image\/","url":"https:\/\/healthcareactivos.com\/wp-content\/uploads\/2025\/12\/LOGO.png","contentUrl":"https:\/\/healthcareactivos.com\/wp-content\/uploads\/2025\/12\/LOGO.png","width":147,"height":59,"caption":"Healthcare Activos"},"image":{"@id":"https:\/\/healthcareactivos.com\/es\/#\/schema\/logo\/image\/"},"sameAs":["https:\/\/www.linkedin.com\/company\/healthcareactivos\/"]}]}},"_links":{"self":[{"href":"https:\/\/healthcareactivos.com\/es\/wp-json\/wp\/v2\/pages\/2023","targetHints":{"allow":["GET"]}}],"collection":[{"href":"https:\/\/healthcareactivos.com\/es\/wp-json\/wp\/v2\/pages"}],"about":[{"href":"https:\/\/healthcareactivos.com\/es\/wp-json\/wp\/v2\/types\/page"}],"author":[{"embeddable":true,"href":"https:\/\/healthcareactivos.com\/es\/wp-json\/wp\/v2\/users\/2"}],"replies":[{"embeddable":true,"href":"https:\/\/healthcareactivos.com\/es\/wp-json\/wp\/v2\/comments?post=2023"}],"version-history":[{"count":3,"href":"https:\/\/healthcareactivos.com\/es\/wp-json\/wp\/v2\/pages\/2023\/revisions"}],"predecessor-version":[{"id":3204,"href":"https:\/\/healthcareactivos.com\/es\/wp-json\/wp\/v2\/pages\/2023\/revisions\/3204"}],"wp:attachment":[{"href":"https:\/\/healthcareactivos.com\/es\/wp-json\/wp\/v2\/media?parent=2023"}],"curies":[{"name":"wp","href":"https:\/\/api.w.org\/{rel}","templated":true}]}}